{"id":1255,"date":"2024-10-29T14:15:59","date_gmt":"2024-10-29T12:15:59","guid":{"rendered":"https:\/\/aluslovakia.gundf-testserver.de\/uber-uns\/"},"modified":"2025-10-29T09:34:01","modified_gmt":"2025-10-29T07:34:01","slug":"uber-uns","status":"publish","type":"page","link":"https:\/\/aluslovakia.sk\/de\/uber-uns\/","title":{"rendered":"\u00dcBER UNS \u2013 IHRE SPEZIALISTEN F\u00dcR DIE BEARBEITUNG VON ALUMINIUMPROFILEN"},"content":{"rendered":"<section class=\"l-section wpb_row height_medium\"><div class=\"l-section-h i-cf\"><div class=\"g-cols vc_row via_grid cols_1 laptops-cols_inherit tablets-cols_inherit mobiles-cols_1 valign_top type_default stacking_default\"><div class=\"wpb_column vc_column_container\"><div class=\"vc_column-inner\"><h1 class=\"w-post-elm post_title align_center entry-title color_link_inherit\">\u00dcBER UNS \u2013 IHRE SPEZIALISTEN F\u00dcR DIE BEARBEITUNG VON ALUMINIUMPROFILEN<\/h1><div class=\"wpb_text_column\"><div class=\"wpb_wrapper\"><p>Seit \u00fcber 20 Jahren steht <strong>ALU SLOVAKIA<\/strong> f\u00fcr Zuverl\u00e4ssigkeit, Innovation, Qualit\u00e4t und partnerschaftliche Zusammenarbeit in der Bearbeitung von Aluminiumprofilen.<br \/>\nAls Systemlieferant bieten wir ma\u00dfgeschneiderte L\u00f6sungen \u2013 von der technischen Beratung \u00fcber die mechanische Bearbeitung bis hin zum fertigen Produkt oder kompletten Baugruppen.<\/p>\n<\/div><\/div><\/div><\/div><\/div><\/div><\/section><section class=\"l-section wpb_row us_custom_0e1e04c8 height_auto\"><div class=\"l-section-h i-cf\"><div class=\"g-cols vc_row via_grid cols_2 laptops-cols_2 tablets-cols_1 mobiles-cols_1 valign_top type_default stacking_default\" style=\"--gap:0rem;\"><div class=\"wpb_column vc_column_container us_custom_9b0eea24 has_bg_color\"><div class=\"vc_column-inner\"><h3 class=\"w-text\"><span class=\"w-text-h\"><span class=\"w-text-value\">ALU SLOVAKIA \u2013 UNSERE WERTE<\/span><\/span><\/h3><div class=\"wpb_text_column\"><div class=\"wpb_wrapper\"><p>Unsere Standorte sind mehr als nur Produktionsst\u00e4tten \u2013 sie sind Orte der Zusammenarbeit, an denen sich <strong>Kunden, Partner und Mitarbeiter gleicherma\u00dfen wohlf\u00fchlen.<\/strong><br \/>\nWir stehen f\u00fcr einen <strong>fairen, offenen und transparenten Umgang,<\/strong> der die Grundlage f\u00fcr langfristige Partnerschaften bildet.<br \/>\nAls zuverl\u00e4ssiger Partner entwickeln wir individuelle L\u00f6sungen f\u00fcr Aluminiumprodukte und passen uns kontinuierlich den wachsenden Anforderungen unserer Kunden an.<\/p>\n<\/div><\/div><\/div><\/div><div class=\"wpb_column vc_column_container us_custom_fdc85c6a has_bg_color\"><div class=\"vc_column-inner\"><div class=\"w-separator us_custom_4bcdd2df size_medium\"><\/div><\/div><\/div><\/div><\/div><\/section><section class=\"l-section wpb_row us_custom_ae99f6aa has_text_color height_auto full_height valign_center width_custom with_img\" style=\"--site-content-width:850px;\"><div class=\"l-section-img\" role=\"img\" data-img-width=\"2560\" data-img-height=\"1440\" style=\"background-image: url(https:\/\/aluslovakia.sk\/wp-content\/uploads\/2025\/09\/Alu_Slovakia_Outside.jpg);\"><\/div><div class=\"l-section-overlay\" style=\"background:linear-gradient(0deg,rgba(255,255,255,0.85),#ffffff)\"><\/div><div class=\"l-section-h i-cf\"><div class=\"g-cols vc_row via_grid cols_1 laptops-cols_inherit tablets-cols_inherit mobiles-cols_1 valign_middle type_default stacking_default\"><div class=\"wpb_column vc_column_container\"><div class=\"vc_column-inner\"><div class=\"wpb_text_column\"><div class=\"wpb_wrapper\"><h4>WAS UNS AUSZEICHNET<\/h4>\n<ul>\n<li data-start=\"969\" data-end=\"1054\">\n<p data-start=\"971\" data-end=\"1054\"><strong data-start=\"971\" data-end=\"991\">Systemlieferant:<\/strong> Komplettl\u00f6sungen f\u00fcr Aluminiumprofile \u2013 alles aus einer Hand<\/p>\n<\/li>\n<li data-start=\"1055\" data-end=\"1143\">\n<p data-start=\"1057\" data-end=\"1143\"><strong data-start=\"1057\" data-end=\"1071\">Erfahrung:<\/strong> Seit 2003 aktiv in der Aluminiumbranche mit kontinuierlichem Wachstum<\/p>\n<\/li>\n<li data-start=\"1144\" data-end=\"1239\">\n<p data-start=\"1146\" data-end=\"1239\"><strong data-start=\"1146\" data-end=\"1163\">Flexibilit\u00e4t:<\/strong> Mechanische Bearbeitung von Aluminiumprofilen bis zu einer L\u00e4nge von 16 m<\/p>\n<\/li>\n<li data-start=\"1240\" data-end=\"1357\">\n<p data-start=\"1242\" data-end=\"1357\"><strong data-start=\"1242\" data-end=\"1271\">Internationales Netzwerk:<\/strong> Eigene Produktionsstandorte in der Slowakei und strategische Partner in ganz Europa<\/p>\n<\/li>\n<li data-start=\"1358\" data-end=\"1456\">\n<p data-start=\"1360\" data-end=\"1456\"><strong data-start=\"1360\" data-end=\"1374\">Effizienz:<\/strong> Kosteneffiziente L\u00f6sungen dank optimaler Lage und perfekt abgestimmter Prozesse<\/p>\n<\/li>\n<\/ul>\n<\/div><\/div><\/div><\/div><\/div><\/div><\/section><section class=\"l-section wpb_row height_auto\"><div class=\"l-section-h i-cf\"><div class=\"g-cols vc_row via_grid cols_2-3 laptops-cols_2 tablets-cols_1 mobiles-cols_1 valign_top type_default stacking_default\"><div class=\"wpb_column vc_column_container type_sticky\"><div class=\"vc_column-inner\"><div class=\"w-separator size_large\"><\/div><h2 class=\"w-text\"><span class=\"w-text-h\"><span class=\"w-text-value\">MEILENSTEINE UNSERER GESCHICHTE<\/span><\/span><\/h2><div class=\"w-separator us_custom_9127616d size_large\"><\/div><\/div><\/div><div class=\"wpb_column vc_column_container us_custom_8c172a66 has_bg_color stretched\"><div class=\"vc_column-inner\"><div class=\"wpb_text_column us_custom_a5ef9130\"><div class=\"wpb_wrapper\"><p><strong>1991 \u2013 Gr\u00fcndung in Crailsheim:<\/strong><br \/>\nHE.WAL startete als Unternehmen der Aluminiumbranche und spezialisierte sich von Beginn an auf die mechanische Bearbeitung von Aluminium-Strangpressprofilen. Mit dem Fokus auf S\u00e4gen, Stanzen, Bohren und CNC-Bearbeitung wurden hochwertige Bauteile f\u00fcr Automobil, Bau und Industrie gefertigt.<\/p>\n<p><strong>1993 \u2013 Er\u00f6ffnung des ersten Standorts in der Slowakei:<\/strong><br \/>\nMit ALU JELKA in der N\u00e4he von Bratislava wurde das erste Bearbeitungswerk in Betrieb genommen, das auf Aluminium-Strangpressprofile spezialisiert ist.<\/p>\n<p><strong>2003 \u2013 Zweiter Standort in der Slowakei:<\/strong><br \/>\nALU SLOVAKIA wurde gegr\u00fcndet, zun\u00e4chst f\u00fcr den Handel mit Aluminium-Strangpressprofilen im osteurop\u00e4ischen Raum.<\/p>\n<p><strong>2008 \u2013 Ausbau der Fertigungstiefe in der Slowakei:<\/strong><br \/>\nALU SLOVAKIA entwickelte sich zu einem Bearbeitungswerk und erg\u00e4nzte das Leistungsspektrum von HE.WAL.<\/p>\n<p><strong>2012 \u2013 Transformation in Deutschland:<\/strong><br \/>\nHE.WAL in Crailsheim wurde zum reinen Handelsunternehmen, das die Verwaltung und den Vertrieb der Produkte steuert.<\/p>\n<p><strong>2019 \u2013 Bezug Neubau ALU SLOVAKIA:<br \/>\n<\/strong>Am 01.05.2019 bezogen wir feierlich unseren ansprechenden Neubau in <span class=\"mw-page-title-main\">Hlin\u00edk nad Hronom.<\/span><\/p>\n<\/div><\/div><\/div><\/div><\/div><\/div><\/section><section class=\"l-section wpb_row us_custom_f0a514b5 height_auto\"><div class=\"l-section-h i-cf\"><div class=\"g-cols vc_row via_grid cols_1 laptops-cols_inherit tablets-cols_inherit mobiles-cols_1 valign_top type_default stacking_default\"><div class=\"wpb_column vc_column_container\"><div class=\"vc_column-inner\"><div class=\"wpb_text_column\"><div class=\"wpb_wrapper\"><p style=\"text-align: center;\"><strong>ALU SLOVAKIA \u2013 Ihr zuverl\u00e4ssiger Partner f\u00fcr die Aluminiumverarbeitung \u2013<\/strong><br data-start=\"2902\" data-end=\"2905\" \/><strong>mit starken Wurzeln, internationalem Netzwerk und einem klaren Fokus auf Qualit\u00e4t und Effizienz.<\/strong><\/p>\n<\/div><\/div><\/div><\/div><\/div><\/div><\/section>\n","protected":false},"excerpt":{"rendered":"\u00dcBER UNS \u2013 IHRE SPEZIALISTEN F\u00dcR DIE BEARBEITUNG VON ALUMINIUMPROFILENSeit \u00fcber 20 Jahren steht ALU SLOVAKIA f\u00fcr Zuverl\u00e4ssigkeit, Innovation, Qualit\u00e4t und partnerschaftliche Zusammenarbeit in der Bearbeitung von Aluminiumprofilen. Als Systemlieferant bieten wir ma\u00dfgeschneiderte L\u00f6sungen \u2013 von der technischen Beratung \u00fcber die mechanische Bearbeitung bis hin zum fertigen Produkt oder kompletten Baugruppen. ALU SLOVAKIA \u2013 UNSERE...","protected":false},"author":1,"featured_media":0,"parent":0,"menu_order":0,"comment_status":"closed","ping_status":"closed","template":"","meta":{"footnotes":""},"class_list":["post-1255","page","type-page","status-publish","hentry"],"_links":{"self":[{"href":"https:\/\/aluslovakia.sk\/de\/wp-json\/wp\/v2\/pages\/1255","targetHints":{"allow":["GET"]}}],"collection":[{"href":"https:\/\/aluslovakia.sk\/de\/wp-json\/wp\/v2\/pages"}],"about":[{"href":"https:\/\/aluslovakia.sk\/de\/wp-json\/wp\/v2\/types\/page"}],"author":[{"embeddable":true,"href":"https:\/\/aluslovakia.sk\/de\/wp-json\/wp\/v2\/users\/1"}],"replies":[{"embeddable":true,"href":"https:\/\/aluslovakia.sk\/de\/wp-json\/wp\/v2\/comments?post=1255"}],"version-history":[{"count":5,"href":"https:\/\/aluslovakia.sk\/de\/wp-json\/wp\/v2\/pages\/1255\/revisions"}],"predecessor-version":[{"id":1844,"href":"https:\/\/aluslovakia.sk\/de\/wp-json\/wp\/v2\/pages\/1255\/revisions\/1844"}],"wp:attachment":[{"href":"https:\/\/aluslovakia.sk\/de\/wp-json\/wp\/v2\/media?parent=1255"}],"curies":[{"name":"wp","href":"https:\/\/api.w.org\/{rel}","templated":true}]}}