{"id":1253,"date":"2024-10-30T14:39:08","date_gmt":"2024-10-30T12:39:08","guid":{"rendered":"https:\/\/aluslovakia.gundf-testserver.de\/standorte\/"},"modified":"2025-10-29T09:30:08","modified_gmt":"2025-10-29T07:30:08","slug":"standorte","status":"publish","type":"page","link":"https:\/\/aluslovakia.sk\/de\/standorte\/","title":{"rendered":"Standorte"},"content":{"rendered":"<section class=\"l-section wpb_row height_auto\"><div class=\"l-section-h i-cf\"><div class=\"g-cols vc_row via_grid cols_2-3 laptops-cols_2 tablets-cols_1 mobiles-cols_1 valign_middle type_default\"><div class=\"wpb_column vc_column_container\"><div class=\"vc_column-inner\"><div class=\"w-separator size_small\"><\/div><h1 class=\"w-text us_custom_52a3c001\"><span class=\"w-text-h\"><span class=\"w-text-value\">STANDORTE<\/span><\/span><\/h1><h1 class=\"w-itext us_custom_b4799458 has_text_color type_zoomInChars align_none\" onclick='return {&quot;duration&quot;:150,&quot;delay&quot;:3000,&quot;disablePartAnimation&quot;:false,&quot;dynamicColor&quot;:&quot;var(--color-content-primary)&quot;,&quot;html_nbsp_char&quot;:true}'><span class=\"w-itext-part changesat_0 changesat_1 changesat_2 dynamic\" style=\"color:_content_primary\" onclick='return [&quot;ALU\\u00a0SLOVAKIA&quot;,&quot;HE.WAL&quot;,&quot;ALU\\u00a0JELKA&quot;]'><span>ALU&nbsp;SLOVAKIA<\/span><\/span><\/h1><div class=\"w-separator size_small\"><\/div><div class=\"wpb_text_column\"><div class=\"wpb_wrapper\"><p><strong data-start=\"36\" data-end=\"52\">ALU SLOVAKIA<\/strong> bietet ma\u00dfgeschneiderte L\u00f6sungen f\u00fcr Aluminiumprofile und -komponenten \u2013 von der mechanischen Bearbeitung bis hin zu Weiterverarbeitung und Montage.<\/p>\n<ul>\n<li><strong>Hauptsitz in Crailsheim, Deutschland:<\/strong> Steuerung von Vertrieb und Verwaltung, Entwicklung individueller L\u00f6sungen.<\/li>\n<li><strong>Zwei Werke in der Slowakei:<\/strong>\n<ul>\n<li>Gesamtproduktions- und Lagerfl\u00e4che von ca. 6.700 m\u00b2.<\/li>\n<li>Effiziente Bearbeitung und Fertigung von Klein- und Gro\u00dfserien.<\/li>\n<li>Flexible und kosteneffiziente Produktion nach Kundenwunsch.<\/li>\n<\/ul>\n<\/li>\n<\/ul>\n<p>Dank moderner Standorte und langj\u00e4hriger Erfahrung steht <strong data-start=\"665\" data-end=\"681\">ALU SLOVAKIA<\/strong> f\u00fcr <strong data-start=\"686\" data-end=\"718\">Qualit\u00e4t und Zuverl\u00e4ssigkeit<\/strong> \u2013 national wie international.<\/p>\n<\/div><\/div><\/div><\/div><div class=\"wpb_column vc_column_container stretched\"><div class=\"vc_column-inner\"><div class=\"w-image has_ratio align_none\"><div class=\"w-image-h\"><div style=\"padding-bottom:75%\"><\/div><img decoding=\"async\" width=\"1920\" height=\"1440\" src=\"https:\/\/aluslovakia.sk\/wp-content\/uploads\/2025\/09\/Alu_Slovakia_Outside_Parking-2.jpg\" class=\"attachment-full size-full\" alt=\"\" loading=\"lazy\" srcset=\"https:\/\/aluslovakia.sk\/wp-content\/uploads\/2025\/09\/Alu_Slovakia_Outside_Parking-2.jpg 1920w, https:\/\/aluslovakia.sk\/wp-content\/uploads\/2025\/09\/Alu_Slovakia_Outside_Parking-2-300x225.jpg 300w, https:\/\/aluslovakia.sk\/wp-content\/uploads\/2025\/09\/Alu_Slovakia_Outside_Parking-2-1024x768.jpg 1024w\" sizes=\"auto, (max-width: 1920px) 100vw, 1920px\" \/><\/div><\/div><\/div><\/div><\/div><\/div><\/section><section class=\"l-section wpb_row height_auto\"><div class=\"l-section-h i-cf\"><div class=\"g-cols vc_row via_grid cols_1 laptops-cols_inherit tablets-cols_1 mobiles-cols_1 valign_middle type_default stacking_default\"><div class=\"wpb_column vc_column_container\"><div class=\"vc_column-inner\"><div class=\"w-separator size_huge\"><\/div><div class=\"w-image align_center\"><div class=\"w-image-h\"><img decoding=\"async\" width=\"300\" height=\"300\" src=\"https:\/\/aluslovakia.sk\/wp-content\/uploads\/2025\/01\/Logo_Alu_Slovakia.svg\" class=\"attachment-medium size-medium\" alt=\"HE.WAL Logo\" loading=\"lazy\" \/><\/div><\/div><div class=\"g-cols wpb_row via_grid cols_2 laptops-cols_inherit tablets-cols_inherit mobiles-cols_1 valign_middle type_default reversed\" style=\"--gap:4.2vw;\"><div class=\"wpb_column vc_column_container\"><div class=\"vc_column-inner\"><div class=\"w-separator size_large\"><\/div><div class=\"w-map provider_osm us_custom_f6355024\" id=\"us_map_1\"><div class=\"w-map-inner\"><div class=\"w-map-json\" onclick='return {&quot;address&quot;:&quot;48.54008116343833, 18.794250998789657&quot;,&quot;disableDragging&quot;:1,&quot;disableZoom&quot;:1,&quot;hideControls&quot;:0,&quot;zoom&quot;:12,&quot;markers&quot;:[{&quot;address&quot;:&quot;48.54008116343833, 18.794250998789657&quot;,&quot;html&quot;:&quot;&lt;h6&gt;Hallo, wir sind hier!&lt;\\\/h6&gt;&lt;p&gt;Wir freuen uns auf Ihren Besuch in unserem B\\u00fcro.&lt;\\\/p&gt;&quot;,&quot;infowindow&quot;:0}],&quot;style&quot;:&quot;https:\\\/\\\/{s}.basemaps.cartocdn.com\\\/light_all\\\/{z}\\\/{x}\\\/{y}{r}.png&quot;}'><\/div><\/div><\/div><\/div><\/div><div class=\"wpb_column vc_column_container\"><div class=\"vc_column-inner\"><div class=\"w-separator size_huge\"><\/div><div class=\"wpb_text_column\"><div class=\"wpb_wrapper\"><p data-start=\"757\" data-end=\"837\"><strong data-start=\"757\" data-end=\"797\">Ihr Ansprechpartner bei ALU SLOVAKIA<\/strong><br data-start=\"797\" data-end=\"800\" \/>Hr. Roman Patsch<br data-start=\"817\" data-end=\"820\" \/>Gesch\u00e4ftsf\u00fchrender Gesellschafter<\/p>\n<p data-start=\"839\" data-end=\"1002\" data-is-last-node=\"\" data-is-only-node=\"\">Mobil: +421 905 671 402<br data-start=\"862\" data-end=\"865\" \/>E-Mail: <a class=\"decorated-link cursor-pointer\" href=\"mailto:aluslovakia@aluslovakia.sk\" rel=\"noopener\" data-start=\"873\" data-end=\"936\">aluslovakia@aluslovakia.sk<span aria-hidden=\"true\" class=\"ms-0.5 inline-block align-middle leading-none\"><\/span><\/a><br data-start=\"936\" data-end=\"939\" \/>E-Mail: <a class=\"decorated-link cursor-pointer\" href=\"mailto:patsch@aluslovakia.sk\" rel=\"noopener\" data-start=\"947\" data-end=\"1000\">patsch@aluslovakia.sk<\/a><\/p>\n<\/div><\/div><div class=\"w-separator size_small\"><\/div><div class=\"w-separator size_small\"><\/div><div class=\"w-separator size_small\"><\/div><\/div><\/div><\/div><\/div><\/div><\/div><\/div><\/section>\n","protected":false},"excerpt":{"rendered":"STANDORTEALU&nbsp;SLOVAKIAALU SLOVAKIA bietet ma\u00dfgeschneiderte L\u00f6sungen f\u00fcr Aluminiumprofile und -komponenten \u2013 von der mechanischen Bearbeitung bis hin zu Weiterverarbeitung und Montage. Hauptsitz in Crailsheim, Deutschland: Steuerung von Vertrieb und Verwaltung, Entwicklung individueller L\u00f6sungen. Zwei Werke in der Slowakei: Gesamtproduktions- und Lagerfl\u00e4che von ca. 6.700 m\u00b2. Effiziente Bearbeitung und Fertigung von Klein- und Gro\u00dfserien. Flexible und kosteneffiziente...","protected":false},"author":1,"featured_media":0,"parent":0,"menu_order":0,"comment_status":"closed","ping_status":"closed","template":"","meta":{"footnotes":""},"class_list":["post-1253","page","type-page","status-publish","hentry"],"_links":{"self":[{"href":"https:\/\/aluslovakia.sk\/de\/wp-json\/wp\/v2\/pages\/1253","targetHints":{"allow":["GET"]}}],"collection":[{"href":"https:\/\/aluslovakia.sk\/de\/wp-json\/wp\/v2\/pages"}],"about":[{"href":"https:\/\/aluslovakia.sk\/de\/wp-json\/wp\/v2\/types\/page"}],"author":[{"embeddable":true,"href":"https:\/\/aluslovakia.sk\/de\/wp-json\/wp\/v2\/users\/1"}],"replies":[{"embeddable":true,"href":"https:\/\/aluslovakia.sk\/de\/wp-json\/wp\/v2\/comments?post=1253"}],"version-history":[{"count":7,"href":"https:\/\/aluslovakia.sk\/de\/wp-json\/wp\/v2\/pages\/1253\/revisions"}],"predecessor-version":[{"id":1837,"href":"https:\/\/aluslovakia.sk\/de\/wp-json\/wp\/v2\/pages\/1253\/revisions\/1837"}],"wp:attachment":[{"href":"https:\/\/aluslovakia.sk\/de\/wp-json\/wp\/v2\/media?parent=1253"}],"curies":[{"name":"wp","href":"https:\/\/api.w.org\/{rel}","templated":true}]}}