{"id":1251,"date":"2024-10-29T14:34:35","date_gmt":"2024-10-29T12:34:35","guid":{"rendered":"https:\/\/aluslovakia.gundf-testserver.de\/kontakt\/"},"modified":"2025-10-29T09:35:22","modified_gmt":"2025-10-29T07:35:22","slug":"kontakt","status":"publish","type":"page","link":"https:\/\/aluslovakia.sk\/de\/kontakt\/","title":{"rendered":"Kontakt"},"content":{"rendered":"<section class=\"l-section wpb_row us_custom_ae99f6aa has_text_color height_huge width_custom with_img\" style=\"--site-content-width:850px;\"><div class=\"l-section-img\" role=\"img\" data-img-width=\"2560\" data-img-height=\"1440\" style=\"background-image: url(https:\/\/aluslovakia.sk\/wp-content\/uploads\/2025\/09\/Alu_Slovakia_Outside_Kontakt.jpg);background-position: bottom center;\"><\/div><div class=\"l-section-overlay\" style=\"background:linear-gradient(0deg,rgba(255,255,255,0.85),#ffffff)\"><\/div><div class=\"l-section-h i-cf\"><div class=\"g-cols vc_row via_grid cols_1 laptops-cols_inherit tablets-cols_inherit mobiles-cols_1 valign_middle type_default stacking_default\"><div class=\"wpb_column vc_column_container\"><div class=\"vc_column-inner\"><div class=\"wpb_text_column us_custom_e1926715 has_text_color\"><div class=\"wpb_wrapper\"><h1 style=\"text-align: center;\"><strong><span>KONTAKTIEREN SIE UNS<\/span><\/strong><\/h1>\n<\/div><\/div><div class=\"w-separator size_medium\"><\/div><div class=\"wpb_text_column us_custom_4be959c4 has_text_color\"><div class=\"wpb_wrapper\"><p style=\"text-align: center;\">WIR SIND F\u00dcR SIE DA<\/p>\n<\/div><\/div><div class=\"wpb_text_column\"><div class=\"wpb_wrapper\"><p>Ob Sie ein konkretes Projekt besprechen oder sich unverbindlich informieren m\u00f6chten \u2013 wir stehen Ihnen gerne zur Verf\u00fcgung.<\/p>\n<ul>\n<li><strong>Schnelle Bearbeitung:<\/strong> Ihre Anfrage wird umgehend von unserem Team bearbeitet.<\/li>\n<li><strong>Pers\u00f6nliche Beratung:<\/strong> Unsere Experten beraten Sie individuell und bedarfsgerecht.<\/li>\n<li><strong>Flexible Kommunikation:<\/strong> Telefon, E-Mail oder Fax \u2013 kontaktieren Sie uns auf dem Weg, der Ihnen am besten passt.<\/li>\n<\/ul>\n<p>Wir freuen uns auf Ihre Nachricht!<\/p>\n<\/div><\/div><\/div><\/div><\/div><\/div><\/section><section class=\"l-section wpb_row height_small\"><div class=\"l-section-h i-cf\"><div class=\"g-cols vc_row via_grid cols_1 laptops-cols_inherit tablets-cols_inherit mobiles-cols_1 valign_top type_default stacking_default\"><div class=\"wpb_column vc_column_container\"><div class=\"vc_column-inner\"><div class=\"w-separator size_medium\"><\/div><div class=\"g-cols wpb_row via_grid cols_3 laptops-cols_inherit tablets-cols_2 mobiles-cols_1 valign_top type_default stacking_default\" style=\"--gap:3rem;\"><div class=\"wpb_column vc_column_container us_custom_5ba7693d\"><div class=\"vc_column-inner\"><div class=\"w-iconbox iconpos_top style_default color_primary align_center\"><div class=\"w-iconbox-icon\" style=\"font-size:2rem;\"><i class=\"fas fa-home\"><\/i><\/div><div class=\"w-iconbox-meta\"><h4 class=\"w-iconbox-title\">Adresse<\/h4><div class=\"w-iconbox-text\"><p><span>ALU SLOVAKIA, s.r.o.<br \/>\n<\/span><span>Lesn\u00e1 1016<\/span><br \/>\n<span>SK-96601 Hlin\u00edk nad Hronom<\/span><\/p>\n<\/div><\/div><\/div><\/div><\/div><div class=\"wpb_column vc_column_container us_custom_94b84146\"><div class=\"vc_column-inner\"><div class=\"w-iconbox iconpos_top style_default color_primary align_center\"><div class=\"w-iconbox-icon\" style=\"font-size:2rem;\"><i class=\"fas fa-phone\"><\/i><\/div><div class=\"w-iconbox-meta\"><h4 class=\"w-iconbox-title\">Telefon<\/h4><div class=\"w-iconbox-text\"><p>Zentrale: <a class=\"w-text-h\" href=\"tel:+421-45-22891-10\"><span class=\"w-text-value\">+421-45-22891-10<\/span><\/a><\/p>\n<\/div><\/div><\/div><\/div><\/div><div class=\"wpb_column vc_column_container us_custom_94b84146\"><div class=\"vc_column-inner\"><div class=\"w-iconbox iconpos_top style_default color_primary align_center\"><div class=\"w-iconbox-icon\" style=\"font-size:2rem;\"><i class=\"fas fa-envelope\"><\/i><\/div><div class=\"w-iconbox-meta\"><h4 class=\"w-iconbox-title\">Email<\/h4><div class=\"w-iconbox-text\"><p><a class=\"mail-link\" data-enc-email=\"nyhfybinxvn##rroNqqVqrag##nyhfybinxvn.fx\" data-wpel-link=\"ignore\"><span id=\"eeb-109269-658198\">aluslovakia@aluslovakia.sk<\/span><\/a><i class=\"eeb-encoded dashicons-before dashicons-lock\" title=\"Email encoded successfully!\"><\/i><\/p>\n<\/div><\/div><\/div><\/div><\/div><\/div><\/div><\/div><\/div><\/div><\/section><section class=\"l-section wpb_row height_small\" id=\"order\"><div class=\"l-section-h i-cf\"><div class=\"g-cols vc_row via_grid cols_1 laptops-cols_inherit tablets-cols_inherit mobiles-cols_1 valign_top type_default stacking_default\"><div class=\"wpb_column vc_column_container us_custom_a2da5eaa has_bg_color\"><div class=\"vc_column-inner\"><div class=\"w-hwrapper us_custom_992a952f valign_middle align_center\" style=\"--hwrapper-gap:0rem\"><form class=\"w-form  us_custom_306b4cfe has_text_color layout_hor for_cform us_form_1\" autocomplete=\"off\" action=\"https:\/\/aluslovakia.sk\/de\/wp-json\/wp\/v2\/pages\/1251\" method=\"post\" enctype=\"multipart\/form-data\"><div class=\"w-form-h\"><div class=\"w-form-row for_text\">\r\n\t\t<div class=\"w-form-row-field\">\r\n\t\t\t\t\t\t<input aria-label=\"Firma\" type=\"text\" name=\"us_form_1_text_1\" value placeholder=\"Firma\"\/>\r\n\t\t\t<\/div>\r\n\t\t<div class=\"w-form-row-state\">Bitte f\u00fcllen Sie dieses Feld aus.<\/div>\r\n<\/div>\r\n<div class=\"w-form-row for_text required\">\r\n\t\t<div class=\"w-form-row-field\">\r\n\t\t\t\t\t\t<input aria-label=\"Name\" type=\"text\" name=\"us_form_1_text_2\" value placeholder=\"Name *\" data-required=\"true\" aria-required=\"true\"\/>\r\n\t\t\t<\/div>\r\n\t\t<div class=\"w-form-row-state\">Bitte f\u00fcllen Sie dieses Feld aus.<\/div>\r\n<\/div>\r\n<div class=\"w-form-row for_email required\">\r\n\t\t<div class=\"w-form-row-field\">\r\n\t\t\t\t\t\t<input aria-label=\"E-Mail\" type=\"email\" name=\"us_form_1_email_1\" value placeholder=\"E-Mail *\" data-required=\"true\" aria-required=\"true\"\/>\r\n\t\t\t<\/div>\r\n\t\t<div class=\"w-form-row-state\">Bitte gib eine g\u00fcltige E-Mail-Adresse ein.<\/div>\r\n<\/div>\r\n<div class=\"w-form-row for_text\">\r\n\t\t<div class=\"w-form-row-field\">\r\n\t\t\t\t\t\t<input aria-label=\"Telefon\" type=\"text\" name=\"us_form_1_text_3\" value placeholder=\"Telefon\"\/>\r\n\t\t\t<\/div>\r\n\t\t<div class=\"w-form-row-state\">Bitte f\u00fcllen Sie dieses Feld aus.<\/div>\r\n<\/div>\r\n<div class=\"w-form-row for_textarea required\">\r\n\t\t<div class=\"w-form-row-field\">\r\n\t\t\t\t\t\t<textarea aria-label=\"Ihre Nachricht an uns\" name=\"us_form_1_textarea_1\" placeholder=\"Ihre Nachricht an uns *\" data-required=\"true\" aria-required=\"true\"><\/textarea>\r\n\t\t\t<\/div>\r\n\t\t<div class=\"w-form-row-state\">Bitte f\u00fcllen Sie dieses Feld aus.<\/div>\r\n<\/div>\r\n<div class=\"w-form-row for_file has_label\">\r\n\t\t\t<div class=\"w-form-row-label\">\r\n\t\t\t<span>Dateiupload<\/span>\r\n\t\t<\/div>\r\n\t\t<div class=\"w-form-row-field\">\r\n\t\t\t\t\t\t<input aria-label=\"Dateiupload\" type=\"file\" name=\"us_form_1_file_1\" accept=\".pdf,.jpg,.jpeg,.png\" data-std=\"10MB\" data-max_size=\"25\"\/>\r\n\t\t\t<\/div>\r\n\t\t\t<div class=\"w-form-row-description\">\r\n\t\t\tHier k\u00f6nnen Sie bequem Dokumente hochladen (.pdf, .jpg, .jpeg, .png - max. 20MB)\t\t<\/div>\r\n\t\t<div class=\"w-form-row-state\">Bitte f\u00fcllen Sie dieses Feld aus.<\/div>\r\n<\/div>\r\n<div class=\"w-form-row for_agreement required\">\r\n\t\t\t<div class=\"w-form-row-label\">\r\n\t\t\t<span>Datenschutz <span class=\"required\">*<\/span><\/span>\r\n\t\t<\/div>\r\n\t\t<div class=\"w-form-row-field\">\r\n\t\t\t\t<label>\r\n\t\t\t<input type=\"checkbox\" value=\"1\" data-required=\"true\" aria-required=\"true\" name=\"us_form_1_agreement_1\"\/>\r\n\t\t\t<span><\/span>\r\n\t\t<\/label>\r\n\t\t\t<\/div>\r\n\t\t\t<div class=\"w-form-row-description\">\r\n\t\t\tHiermit erkl\u00e4ren Sie sich einverstanden, dass die von Ihnen angegebenen Daten elektronisch erhoben und gepeichert werden. Ihre Daten werden dabei nur streng zweckgebunden zur Bearbeitung und Beantwortung Ihrer Anfrage genutzt. Diese Einwilligung k\u00f6nnen Sie jederzeit durch eine Nachricht an uns widerrufen. Im Falle des Widerrufs werden Ihre Daten umgehend gel\u00f6scht. Weitere Informationen hierzu entnehmen Sie bitte unserer Datenschutzerkl\u00e4rung.\t\t<\/div>\r\n\t\t<div class=\"w-form-row-state\">Sie m\u00fcssen den Bedingungen zustimmen, um fortzufahren.<\/div>\r\n<\/div>\r\n<input type=\"hidden\" name=\"action\" value=\"us_ajax_cform\" \/>\r\n<input type=\"hidden\" name=\"post_id\" value=\"0\" \/>\r\n<input type=\"hidden\" name=\"form_index\" value=\"1\" \/>\r\n<div class=\"w-form-row for_submit align_justify\">\r\n\t<button class=\"w-btn  us-btn-style_1\" aria-label=\"Absenden\" type=\"submit\">\r\n\t\t<span class=\"g-preloader type_1\"><\/span>\r\n\t\t\t\t<span class=\"w-btn-label\">Absenden<\/span>\r\n\t\t\t<\/button>\r\n\t<\/div>\r\n<\/div><div class=\"w-form-message\"><\/div><div class=\"w-form-json hidden\" onclick='return {&quot;ajaxurl&quot;:&quot;https:\\\/\\\/aluslovakia.sk\\\/wp-admin\\\/admin-ajax.php&quot;,&quot;messages&quot;:{&quot;err_empty&quot;:&quot;Bitte f\\u00fcllen Sie dieses Feld aus.&quot;,&quot;err_size&quot;:&quot;Die Dateigr\\u00f6\\u00dfe darf %s MB nicht \\u00fcberschreiten&quot;,&quot;err_extension&quot;:&quot;Dateityp %s ist nicht zul\\u00e4ssig&quot;}}'><\/div><\/form><\/div><\/div><\/div><\/div><\/div><\/section><section class=\"l-section wpb_row height_auto\"><div class=\"l-section-h i-cf\"><div class=\"g-cols vc_row via_grid cols_1 laptops-cols_inherit tablets-cols_inherit mobiles-cols_1 valign_top type_default stacking_default\"><div class=\"wpb_column vc_column_container\"><div class=\"vc_column-inner\"><div class=\"w-separator size_huge\"><\/div><\/div><\/div><\/div><\/div><\/section>\n","protected":false},"excerpt":{"rendered":"KONTAKTIEREN SIE UNS WIR SIND F\u00dcR SIE DA Ob Sie ein konkretes Projekt besprechen oder sich unverbindlich informieren m\u00f6chten \u2013 wir stehen Ihnen gerne zur Verf\u00fcgung. Schnelle Bearbeitung: Ihre Anfrage wird umgehend von unserem Team bearbeitet. Pers\u00f6nliche Beratung: Unsere Experten beraten Sie individuell und bedarfsgerecht. Flexible Kommunikation: Telefon, E-Mail oder Fax \u2013 kontaktieren Sie uns...","protected":false},"author":1,"featured_media":0,"parent":0,"menu_order":0,"comment_status":"closed","ping_status":"closed","template":"","meta":{"footnotes":""},"class_list":["post-1251","page","type-page","status-publish","hentry"],"_links":{"self":[{"href":"https:\/\/aluslovakia.sk\/de\/wp-json\/wp\/v2\/pages\/1251","targetHints":{"allow":["GET"]}}],"collection":[{"href":"https:\/\/aluslovakia.sk\/de\/wp-json\/wp\/v2\/pages"}],"about":[{"href":"https:\/\/aluslovakia.sk\/de\/wp-json\/wp\/v2\/types\/page"}],"author":[{"embeddable":true,"href":"https:\/\/aluslovakia.sk\/de\/wp-json\/wp\/v2\/users\/1"}],"replies":[{"embeddable":true,"href":"https:\/\/aluslovakia.sk\/de\/wp-json\/wp\/v2\/comments?post=1251"}],"version-history":[{"count":6,"href":"https:\/\/aluslovakia.sk\/de\/wp-json\/wp\/v2\/pages\/1251\/revisions"}],"predecessor-version":[{"id":1846,"href":"https:\/\/aluslovakia.sk\/de\/wp-json\/wp\/v2\/pages\/1251\/revisions\/1846"}],"wp:attachment":[{"href":"https:\/\/aluslovakia.sk\/de\/wp-json\/wp\/v2\/media?parent=1251"}],"curies":[{"name":"wp","href":"https:\/\/api.w.org\/{rel}","templated":true}]}}