{"id":1241,"date":"2024-11-01T15:23:12","date_gmt":"2024-11-01T13:23:12","guid":{"rendered":"https:\/\/aluslovakia.gundf-testserver.de\/hlinik\/strangpressen\/"},"modified":"2025-09-15T20:17:17","modified_gmt":"2025-09-15T18:17:17","slug":"extrusion-pressen","status":"publish","type":"page","link":"https:\/\/aluslovakia.sk\/de\/aluminium\/extrusion-pressen\/","title":{"rendered":"EXTRUSION \/ PRESSEN"},"content":{"rendered":"<section class=\"l-section wpb_row height_auto with_img parallax_ver with_shape\"><div class=\"l-section-img\" role=\"img\" data-img-width=\"1200\" data-img-height=\"800\" style=\"background-image: url(https:\/\/aluslovakia.sk\/wp-content\/uploads\/2024\/10\/strangpressen_001_1200x800.jpg);background-repeat: no-repeat;\"><\/div><div class=\"l-section-overlay\" style=\"background:rgba(255,255,255,0.50)\"><\/div><div class=\"l-section-shape type_custom pos_bottom hor_flip\" style=\"height:14vh;\"><svg xmlns=\"http:\/\/www.w3.org\/2000\/svg\" viewBox=\"0 0 64 8\" preserveAspectRatio=\"none\" width=\"100%\" height=\"100%\">\r\n\t<path fill=\"currentColor\" d=\"M64 8 L0 8 L0 0 L64 0 Z\"\/>\r\n<\/svg><\/div><div class=\"l-section-h i-cf\"><div class=\"g-cols vc_row via_grid cols_1 laptops-cols_inherit tablets-cols_inherit mobiles-cols_1 valign_middle type_default stacking_default\"><div class=\"wpb_column vc_column_container\"><div class=\"vc_column-inner\"><div class=\"w-separator size_custom\" style=\"height:35vh\"><\/div><div class=\"w-actionbox us_custom_dd5689d2 color_primary controls_right\"><div class=\"w-actionbox-text\"><h1 class=\"w-actionbox-title\">EXTRUSION \/ PRESSEN \u2013 BASIS F\u00dcR INNOVATIVE ALUMINIUML\u00d6SUNGEN<\/h1><div class=\"w-actionbox-description\"><p>Das <strong>Pressen von Aluminium mittels Extrusion<\/strong> er\u00f6ffnet nahezu unbegrenzte M\u00f6glichkeiten f\u00fcr den Einsatz und die Optimierung von Produkten.<br data-start=\"203\" data-end=\"206\" \/>In Kombination mit der richtigen Wahl der Legierungen und abgestimmten K\u00fchlprozessen entstehen ma\u00dfgeschneiderte L\u00f6sungen, die sowohl funktional als auch optisch \u00fcberzeugen.<\/p>\n<\/div><\/div><div class=\"w-actionbox-controls\"><a class=\"w-btn us-btn-style_1\" href=\"\/de\/kontakt\" style=\"font-size:1.2rem;\"><span class=\"w-btn-label\">Kontakt<\/span><\/a><\/div><\/div><div class=\"w-separator size_large\"><\/div><\/div><\/div><\/div><\/div><\/section><section class=\"l-section wpb_row height_auto\" id=\"about\"><div class=\"l-section-h i-cf\"><div class=\"g-cols vc_row via_grid cols_1-2 laptops-cols_inherit tablets-cols_1 mobiles-cols_1 valign_top type_default stacking_default\" style=\"--gap:8vh;\"><div class=\"wpb_column vc_column_container us_custom_ce35fe17 has_bg_color\"><div class=\"vc_column-inner\"><\/div><\/div><div class=\"wpb_column vc_column_container\"><div class=\"vc_column-inner\"><div class=\"wpb_text_column us_custom_b0a22c03\"><div class=\"wpb_wrapper\"><h2>DER EXTRUSIONS-\/PRESSPROZESS<\/h2>\n<p>Bei der Extrusion wird ein erhitzter Aluminiumblock (sogenannter Bolzen) unter hohem Druck durch eine speziell entwickelte Matrize gepresst.<br \/>\nSo entsteht die gew\u00fcnschte Profilform \u2013 vergleichbar mit dem Ausdr\u00fccken von Zahnpasta aus einer Tube.<\/p>\n<p><strong>Die wichtigsten Schritte im Prozess:<\/strong><\/p>\n<ul>\n<li><strong>Formgebung:<\/strong> Der Aluminiumblock wird durch die Matrize gepresst, das Profil tritt kontinuierlich aus der Presse aus.<\/li>\n<li><strong>K\u00fchlung:<\/strong> Direkt nach dem Austritt wird das Profil mit Luft oder Wasser gek\u00fchlt, um die Materialstruktur zu stabilisieren.<\/li>\n<li><strong>Richten (Recken):<\/strong> Beseitigung innerer Spannungen und Sicherstellung der Profilgeradheit.<\/li>\n<li><strong>Qualit\u00e4tskontrolle:<\/strong> Pr\u00e4zise Messung der Funktionsma\u00dfe und Oberfl\u00e4chenpr\u00fcfung.<\/li>\n<li><strong>Zuschnitt:<\/strong> Profile werden auf die gew\u00fcnschte L\u00e4nge zugeschnitten.<\/li>\n<\/ul>\n<h2>DIE ROLLE DER LEGIERUNGEN<\/h2>\n<ul>\n<li><strong>Aluminiumlegierung EN AW 6060:<\/strong> Hervorragende Korrosionsbest\u00e4ndigkeit und exzellente Oberfl\u00e4chenqualit\u00e4t \u2013 ideal f\u00fcr Anwendungen mit hohen Anforderungen an Optik und Langlebigkeit.<\/li>\n<li><strong>Aush\u00e4rten:<\/strong> Nach der Extrusion k\u00f6nnen die Legierungen durch nat\u00fcrliches oder k\u00fcnstliches Altern weiter verfestigt werden, um die endg\u00fcltige Festigkeit zu erreichen.<\/li>\n<\/ul>\n<h2>VORTEILE DER ALUMINIUMEXTRUSION<\/h2>\n<ul>\n<li><strong>Flexibilit\u00e4t:<\/strong> Fertigung individueller Profile nach spezifischen Anforderungen.<\/li>\n<li><strong>Hohe Qualit\u00e4t:<\/strong> Pr\u00e4zise Ma\u00dfkontrolle und perfekte Oberfl\u00e4chenqualit\u00e4t w\u00e4hrend des gesamten Prozesses.<\/li>\n<li><strong>Erh\u00f6hte Festigkeit:<\/strong> Durch gezielte Auswahl der Legierungen wird die Materialfestigkeit optimal an die jeweilige Anwendung angepasst.<\/li>\n<li><strong>Nachhaltigkeit:<\/strong> 100 % recycelbar \u2013 Aluminium kann ohne Qualit\u00e4tsverlust wiederverwendet werden.<\/li>\n<\/ul>\n<p>Dank modernster Technologien und umfassendem Fachwissen bietet <strong>ALU SLOVAKIA<\/strong> pr\u00e4zise und effiziente L\u00f6sungen im Bereich der Aluminiumextrusion \u2013 von der ersten Konzeptidee bis zum fertigen Endprodukt.<\/p>\n<\/div><\/div><\/div><\/div><\/div><\/div><\/section>\n","protected":false},"excerpt":{"rendered":"EXTRUSION \/ PRESSEN \u2013 BASIS F\u00dcR INNOVATIVE ALUMINIUML\u00d6SUNGENDas Pressen von Aluminium mittels Extrusion er\u00f6ffnet nahezu unbegrenzte M\u00f6glichkeiten f\u00fcr den Einsatz und die Optimierung von Produkten.In Kombination mit der richtigen Wahl der Legierungen und abgestimmten K\u00fchlprozessen entstehen ma\u00dfgeschneiderte L\u00f6sungen, die sowohl funktional als auch optisch \u00fcberzeugen. KontaktDER EXTRUSIONS-\/PRESSPROZESS Bei der Extrusion wird ein erhitzter Aluminiumblock (sogenannter...","protected":false},"author":1,"featured_media":1206,"parent":1231,"menu_order":0,"comment_status":"closed","ping_status":"closed","template":"","meta":{"footnotes":""},"class_list":["post-1241","page","type-page","status-publish","has-post-thumbnail","hentry"],"_links":{"self":[{"href":"https:\/\/aluslovakia.sk\/de\/wp-json\/wp\/v2\/pages\/1241","targetHints":{"allow":["GET"]}}],"collection":[{"href":"https:\/\/aluslovakia.sk\/de\/wp-json\/wp\/v2\/pages"}],"about":[{"href":"https:\/\/aluslovakia.sk\/de\/wp-json\/wp\/v2\/types\/page"}],"author":[{"embeddable":true,"href":"https:\/\/aluslovakia.sk\/de\/wp-json\/wp\/v2\/users\/1"}],"replies":[{"embeddable":true,"href":"https:\/\/aluslovakia.sk\/de\/wp-json\/wp\/v2\/comments?post=1241"}],"version-history":[{"count":4,"href":"https:\/\/aluslovakia.sk\/de\/wp-json\/wp\/v2\/pages\/1241\/revisions"}],"predecessor-version":[{"id":1756,"href":"https:\/\/aluslovakia.sk\/de\/wp-json\/wp\/v2\/pages\/1241\/revisions\/1756"}],"up":[{"embeddable":true,"href":"https:\/\/aluslovakia.sk\/de\/wp-json\/wp\/v2\/pages\/1231"}],"wp:featuredmedia":[{"embeddable":true,"href":"https:\/\/aluslovakia.sk\/de\/wp-json\/wp\/v2\/media\/1206"}],"wp:attachment":[{"href":"https:\/\/aluslovakia.sk\/de\/wp-json\/wp\/v2\/media?parent=1241"}],"curies":[{"name":"wp","href":"https:\/\/api.w.org\/{rel}","templated":true}]}}