{"id":1238,"date":"2024-11-01T15:23:22","date_gmt":"2024-11-01T13:23:22","guid":{"rendered":"https:\/\/aluslovakia.gundf-testserver.de\/hlinik\/profilbeschaffung\/"},"modified":"2025-10-30T11:50:21","modified_gmt":"2025-10-30T09:50:21","slug":"profilbeschaffung","status":"publish","type":"page","link":"https:\/\/aluslovakia.sk\/de\/aluminium\/profilbeschaffung\/","title":{"rendered":"PROFILBESCHAFFUNG"},"content":{"rendered":"<section class=\"l-section wpb_row height_auto with_img parallax_ver with_shape\"><div class=\"l-section-img\" role=\"img\" data-img-width=\"2560\" data-img-height=\"1440\" style=\"background-image: url(https:\/\/aluslovakia.sk\/wp-content\/uploads\/2024\/12\/Profilbeschaffung_Aluminium_Hewal.jpg);background-repeat: no-repeat;\"><\/div><div class=\"l-section-overlay\" style=\"background:rgba(255,255,255,0.50)\"><\/div><div class=\"l-section-shape type_custom pos_bottom hor_flip\" style=\"height:14vh;\"><svg xmlns=\"http:\/\/www.w3.org\/2000\/svg\" viewBox=\"0 0 64 8\" preserveAspectRatio=\"none\" width=\"100%\" height=\"100%\">\r\n\t<path fill=\"currentColor\" d=\"M64 8 L0 8 L0 0 L64 0 Z\"\/>\r\n<\/svg><\/div><div class=\"l-section-h i-cf\"><div class=\"g-cols vc_row via_grid cols_1 laptops-cols_inherit tablets-cols_inherit mobiles-cols_1 valign_middle type_default stacking_default\"><div class=\"wpb_column vc_column_container\"><div class=\"vc_column-inner\"><div class=\"w-separator size_custom\" style=\"height:35vh\"><\/div><div class=\"w-actionbox us_custom_dd5689d2 color_primary controls_right\"><div class=\"w-actionbox-text\"><h1 class=\"w-actionbox-title\">BESCHAFFUNG VON PROFILEN \u2013 INDIVIDUELL UND FLEXIBEL MIT ALU SLOVAKIA<\/h1><div class=\"w-actionbox-description\"><p>Die <strong>HE.WAL-Gruppe, <\/strong>zu welcher wir geh\u00f6ren, ist Ihr verl\u00e4sslicher Partner f\u00fcr die Beschaffung von Aluminiumprofilen. Mit einem europaweiten Netzwerk und jahrzehntelanger Erfahrung beziehen wir j\u00e4hrlich rund 2.500 Tonnen Zeichnungs- und Standardprofile in unterschiedlichsten Abmessungen und Legierungen.<\/p>\n<\/div><\/div><div class=\"w-actionbox-controls\"><a class=\"w-btn us-btn-style_1\" href=\"\/de\/kontakt\" style=\"font-size:1.2rem;\"><span class=\"w-btn-label\">Kontakt<\/span><\/a><\/div><\/div><div class=\"w-separator size_large\"><\/div><\/div><\/div><\/div><\/div><\/section><section class=\"l-section wpb_row height_auto\" id=\"about\"><div class=\"l-section-h i-cf\"><div class=\"g-cols vc_row via_grid cols_1-2 laptops-cols_inherit tablets-cols_1 mobiles-cols_1 valign_top type_default stacking_default\" style=\"--gap:8vh;\"><div class=\"wpb_column vc_column_container us_custom_5037e76c has_bg_color\"><div class=\"vc_column-inner\"><\/div><\/div><div class=\"wpb_column vc_column_container\"><div class=\"vc_column-inner\"><div class=\"w-separator size_small\"><\/div><div class=\"wpb_text_column\"><div class=\"wpb_wrapper\"><h2>UNSERE ST\u00c4RKEN IN DER PROFILBESCHAFFUNG<\/h2>\n<ul>\n<li><strong>Vielseitigkeit:<\/strong> Wir bieten eine breite Palette an Profilquerschnitten \u2013 von einfachen bis hin zu komplexen Geometrien.<\/li>\n<li><strong>Erfahrung:<\/strong> Jahrzehntelange Zusammenarbeit mit bew\u00e4hrten Beschaffungsquellen sichert eine gleichbleibend hohe Qualit\u00e4t.<\/li>\n<li><strong>Flexibilit\u00e4t:<\/strong> F\u00fcr jede Anforderung, jeden Querschnitt und jede Anwendung finden wir den idealen Partner.<\/li>\n<\/ul>\n<h2>PROFILVARIANTEN F\u00dcR JEDEN ANSPRUCH<\/h2>\n<p><strong data-start=\"813\" data-end=\"829\">ALU SLOVAKIA<\/strong> liefert Aluminiumprofile f\u00fcr unterschiedlichste Einsatzbereiche:<\/p>\n<ul>\n<li><strong>Zeichnungsprofile:<\/strong> Ma\u00dfgeschneidert nach individuellen Vorgaben.<\/li>\n<li><strong>Standardprofile:<\/strong> F\u00fcr universelle und vielf\u00e4ltige Anwendungen.<\/li>\n<li><strong>Eloxierte Aluminiumprofile:<\/strong> Korrosionsbest\u00e4ndig und mit hochwertiger Oberfl\u00e4che.<\/li>\n<li><strong>Pulverbeschichtete Profile:<\/strong> F\u00fcr zus\u00e4tzliche Funktionalit\u00e4t und ansprechendes Design.<\/li>\n<\/ul>\n<h2>IHRE VORTEILE MIT ALU SLOVAKIA<\/h2>\n<ul>\n<li data-start=\"1277\" data-end=\"1371\">\n<p data-start=\"1279\" data-end=\"1371\"><strong data-start=\"1279\" data-end=\"1328\">Gro\u00dfe Auswahl an Abmessungen und Legierungen:<\/strong> F\u00fcr vielf\u00e4ltige technische Anforderungen<\/p>\n<\/li>\n<li data-start=\"1372\" data-end=\"1465\">\n<p data-start=\"1374\" data-end=\"1465\"><strong data-start=\"1374\" data-end=\"1396\">Gepr\u00fcfte Qualit\u00e4t:<\/strong> Zusammenarbeit ausschlie\u00dflich mit langj\u00e4hrig bew\u00e4hrten Lieferanten<\/p>\n<\/li>\n<li data-start=\"1466\" data-end=\"1561\">\n<p data-start=\"1468\" data-end=\"1561\"><strong data-start=\"1468\" data-end=\"1493\">Fachkundige Beratung:<\/strong> Wir helfen Ihnen, das passende Profil f\u00fcr Ihr Projekt auszuw\u00e4hlen<\/p>\n<\/li>\n<\/ul>\n<p>Mit <strong data-start=\"1567\" data-end=\"1583\">ALU SLOVAKIA<\/strong> haben Sie einen Partner an Ihrer Seite, der Ihnen nicht nur die passenden Aluminiumprofile liefert, sondern auch sicherstellt, dass diese exakt auf Ihre technischen und betrieblichen Anforderungen zugeschnitten sind.<\/p>\n<\/div><\/div><\/div><\/div><\/div><\/div><\/section>\n","protected":false},"excerpt":{"rendered":"BESCHAFFUNG VON PROFILEN \u2013 INDIVIDUELL UND FLEXIBEL MIT ALU SLOVAKIADie HE.WAL-Gruppe, zu welcher wir geh\u00f6ren, ist Ihr verl\u00e4sslicher Partner f\u00fcr die Beschaffung von Aluminiumprofilen. Mit einem europaweiten Netzwerk und jahrzehntelanger Erfahrung beziehen wir j\u00e4hrlich rund 2.500 Tonnen Zeichnungs- und Standardprofile in unterschiedlichsten Abmessungen und Legierungen. KontaktUNSERE ST\u00c4RKEN IN DER PROFILBESCHAFFUNG Vielseitigkeit: Wir bieten eine breite...","protected":false},"author":1,"featured_media":1204,"parent":1231,"menu_order":0,"comment_status":"closed","ping_status":"closed","template":"","meta":{"footnotes":""},"class_list":["post-1238","page","type-page","status-publish","has-post-thumbnail","hentry"],"_links":{"self":[{"href":"https:\/\/aluslovakia.sk\/de\/wp-json\/wp\/v2\/pages\/1238","targetHints":{"allow":["GET"]}}],"collection":[{"href":"https:\/\/aluslovakia.sk\/de\/wp-json\/wp\/v2\/pages"}],"about":[{"href":"https:\/\/aluslovakia.sk\/de\/wp-json\/wp\/v2\/types\/page"}],"author":[{"embeddable":true,"href":"https:\/\/aluslovakia.sk\/de\/wp-json\/wp\/v2\/users\/1"}],"replies":[{"embeddable":true,"href":"https:\/\/aluslovakia.sk\/de\/wp-json\/wp\/v2\/comments?post=1238"}],"version-history":[{"count":6,"href":"https:\/\/aluslovakia.sk\/de\/wp-json\/wp\/v2\/pages\/1238\/revisions"}],"predecessor-version":[{"id":1850,"href":"https:\/\/aluslovakia.sk\/de\/wp-json\/wp\/v2\/pages\/1238\/revisions\/1850"}],"up":[{"embeddable":true,"href":"https:\/\/aluslovakia.sk\/de\/wp-json\/wp\/v2\/pages\/1231"}],"wp:featuredmedia":[{"embeddable":true,"href":"https:\/\/aluslovakia.sk\/de\/wp-json\/wp\/v2\/media\/1204"}],"wp:attachment":[{"href":"https:\/\/aluslovakia.sk\/de\/wp-json\/wp\/v2\/media?parent=1238"}],"curies":[{"name":"wp","href":"https:\/\/api.w.org\/{rel}","templated":true}]}}