{"id":1236,"date":"2024-11-01T15:23:34","date_gmt":"2024-11-01T13:23:34","guid":{"rendered":"https:\/\/aluslovakia.gundf-testserver.de\/hlinik\/obchodny-tovar\/"},"modified":"2025-09-15T20:17:45","modified_gmt":"2025-09-15T18:17:45","slug":"zeichnungs-und-standardprofile","status":"publish","type":"page","link":"https:\/\/aluslovakia.sk\/de\/aluminium\/zeichnungs-und-standardprofile\/","title":{"rendered":"ZEICHNUNGS- UND STANDARDPROFILE"},"content":{"rendered":"<section class=\"l-section wpb_row height_auto with_img parallax_ver with_shape\"><div class=\"l-section-img\" role=\"img\" data-img-width=\"2560\" data-img-height=\"1440\" style=\"background-image: url(https:\/\/aluslovakia.sk\/wp-content\/uploads\/2024\/12\/Aluminium_Slider_Hewal.jpg);background-repeat: no-repeat;\"><\/div><div class=\"l-section-overlay\" style=\"background:rgba(255,255,255,0.50)\"><\/div><div class=\"l-section-shape type_custom pos_bottom hor_flip\" style=\"height:14vh;\"><svg xmlns=\"http:\/\/www.w3.org\/2000\/svg\" viewBox=\"0 0 64 8\" preserveAspectRatio=\"none\" width=\"100%\" height=\"100%\">\r\n\t<path fill=\"currentColor\" d=\"M64 8 L0 8 L0 0 L64 0 Z\"\/>\r\n<\/svg><\/div><div class=\"l-section-h i-cf\"><div class=\"g-cols vc_row via_grid cols_1 laptops-cols_inherit tablets-cols_inherit mobiles-cols_1 valign_middle type_default stacking_default\"><div class=\"wpb_column vc_column_container\"><div class=\"vc_column-inner\"><div class=\"w-separator size_custom\" style=\"height:35vh\"><\/div><div class=\"w-actionbox us_custom_dd5689d2 color_primary controls_right\"><div class=\"w-actionbox-text\"><h1 class=\"w-actionbox-title\">ZEICHNUNGS- UND STANDARDPROFILE \u2013 FLEXIBLE L\u00d6SUNGEN MIT ALU SLOVAKIA<\/h1><div class=\"w-actionbox-description\"><p><strong data-start=\"75\" data-end=\"91\">ALU SLOVAKIA<\/strong> bietet Ihnen umfassende L\u00f6sungen im Bereich zeichnungsgebundener und standardisierter Aluminiumprofile.<br data-start=\"195\" data-end=\"198\" \/>Dank eines starken Netzwerks an Partnerpresswerken stellen wir sicher, dass Ihre individuellen Anforderungen pr\u00e4zise und termingerecht erf\u00fcllt werden.<\/p>\n<\/div><\/div><div class=\"w-actionbox-controls\"><a class=\"w-btn us-btn-style_1\" href=\"\/de\/kontakt\" style=\"font-size:1.2rem;\"><span class=\"w-btn-label\">Kontakt<\/span><\/a><\/div><\/div><div class=\"w-separator size_large\"><\/div><\/div><\/div><\/div><\/div><\/section><section class=\"l-section wpb_row height_auto\" id=\"about\"><div class=\"l-section-h i-cf\"><div class=\"g-cols vc_row via_grid cols_1-2 laptops-cols_inherit tablets-cols_1 mobiles-cols_1 valign_top type_default stacking_default\" style=\"--gap:8vh;\"><div class=\"wpb_column vc_column_container us_custom_1a1a9a5d has_bg_color\"><div class=\"vc_column-inner\"><\/div><\/div><div class=\"wpb_column vc_column_container\"><div class=\"vc_column-inner\"><div class=\"w-separator size_small\"><\/div><div class=\"wpb_text_column\"><div class=\"wpb_wrapper\"><h2>ZEICHNUNGSPROFILE NACH MASS<\/h2>\n<p>Unsere gepr\u00fcften Partner fertigen Aluminiumprofile exakt nach Ihren Zeichnungen und Spezifikationen \u2013 auf Pressen mit einer Presskraft von 660 bis 6.000 Tonnen.<br \/>\nIn enger Zusammenarbeit mit Ihnen und unseren Partnern achten wir auf absolute Genauigkeit \u2013 von der Profilgeometrie bis zur Materialzusammensetzung.<\/p>\n<ul>\n<li><strong>Individuelle L\u00f6sungen:<\/strong> Perfekt auf Ihre Anwendungen abgestimmte Profile<\/li>\n<li><strong>Qualit\u00e4tssicherung:<\/strong> Pr\u00e4zise Fertigung nach h\u00f6chsten Standards<\/li>\n<\/ul>\n<h2>EFFIZIENTE LIEFERKETTE<\/h2>\n<p>ALU SLOVAKIA \u00fcbernimmt die komplette Organisation der Beschaffung \u2013 von der Produktion \u00fcber die Logistik bis hin zur Lieferung.<\/p>\n<p>Unsere Leistungen im \u00dcberblick:<\/p>\n<ul>\n<li><strong>P\u00fcnktliche Lieferung:<\/strong> Ihre Profile treffen exakt nach Zeitplan bei Ihnen ein<\/li>\n<li><strong>Konsignationslager:<\/strong> Flexible Lagerl\u00f6sungen, individuell auf Ihre Bed\u00fcrfnisse zugeschnitten<\/li>\n<li><strong>Kanban-Lieferungen:<\/strong> Optimierte Lieferketten f\u00fcr maximale Effizienz<\/li>\n<\/ul>\n<h2>STANDARDPROFILE \u2013 VIELFALT UND VERF\u00dcGBARKEIT<\/h2>\n<p>Neben Zeichnungsprofilen bieten wir ein breites Sortiment an Standardprofilen f\u00fcr unterschiedlichste Anwendungsbereiche.<br \/>\nDurch mehrere Bezugsquellen garantieren wir sowohl hohe Qualit\u00e4t als auch schnelle Verf\u00fcgbarkeit.<\/p>\n<h2>IHRE VORTEILE MIT ALU SLOVAKIA<\/h2>\n<ul>\n<li><strong>Starkes Netzwerk:<\/strong> Zusammenarbeit mit gepr\u00fcften Presswerken f\u00fcr gleichbleibende Qualit\u00e4t<\/li>\n<li><strong>Flexibilit\u00e4t:<\/strong> Ma\u00dfgeschneiderte L\u00f6sungen f\u00fcr Zeichnungs- und Standardprofile<\/li>\n<li><strong>Effizienz:<\/strong> Optimierte Lieferketten und individuelle Lagerkonzepte<\/li>\n<li><strong>Erfahrung:<\/strong> Jahrzehntelanges Know-how in der Aluminiumindustrie<\/li>\n<\/ul>\n<p>Mit <strong>ALU SLOVAKIA<\/strong> profitieren Sie von reibungslosen Prozessen und Aluminiumprofilen, die exakt Ihren Anforderungen entsprechen.<\/p>\n<p>Kontaktieren Sie uns \u2013 und setzen wir Ihre Projekte gemeinsam um!<\/p>\n<\/div><\/div><\/div><\/div><\/div><\/div><\/section>\n","protected":false},"excerpt":{"rendered":"ZEICHNUNGS- UND STANDARDPROFILE \u2013 FLEXIBLE L\u00d6SUNGEN MIT ALU SLOVAKIAALU SLOVAKIA bietet Ihnen umfassende L\u00f6sungen im Bereich zeichnungsgebundener und standardisierter Aluminiumprofile.Dank eines starken Netzwerks an Partnerpresswerken stellen wir sicher, dass Ihre individuellen Anforderungen pr\u00e4zise und termingerecht erf\u00fcllt werden. KontaktZEICHNUNGSPROFILE NACH MASS Unsere gepr\u00fcften Partner fertigen Aluminiumprofile exakt nach Ihren Zeichnungen und Spezifikationen \u2013 auf Pressen mit...","protected":false},"author":1,"featured_media":1202,"parent":1231,"menu_order":0,"comment_status":"closed","ping_status":"closed","template":"","meta":{"footnotes":""},"class_list":["post-1236","page","type-page","status-publish","has-post-thumbnail","hentry"],"_links":{"self":[{"href":"https:\/\/aluslovakia.sk\/de\/wp-json\/wp\/v2\/pages\/1236","targetHints":{"allow":["GET"]}}],"collection":[{"href":"https:\/\/aluslovakia.sk\/de\/wp-json\/wp\/v2\/pages"}],"about":[{"href":"https:\/\/aluslovakia.sk\/de\/wp-json\/wp\/v2\/types\/page"}],"author":[{"embeddable":true,"href":"https:\/\/aluslovakia.sk\/de\/wp-json\/wp\/v2\/users\/1"}],"replies":[{"embeddable":true,"href":"https:\/\/aluslovakia.sk\/de\/wp-json\/wp\/v2\/comments?post=1236"}],"version-history":[{"count":4,"href":"https:\/\/aluslovakia.sk\/de\/wp-json\/wp\/v2\/pages\/1236\/revisions"}],"predecessor-version":[{"id":1758,"href":"https:\/\/aluslovakia.sk\/de\/wp-json\/wp\/v2\/pages\/1236\/revisions\/1758"}],"up":[{"embeddable":true,"href":"https:\/\/aluslovakia.sk\/de\/wp-json\/wp\/v2\/pages\/1231"}],"wp:featuredmedia":[{"embeddable":true,"href":"https:\/\/aluslovakia.sk\/de\/wp-json\/wp\/v2\/media\/1202"}],"wp:attachment":[{"href":"https:\/\/aluslovakia.sk\/de\/wp-json\/wp\/v2\/media?parent=1236"}],"curies":[{"name":"wp","href":"https:\/\/api.w.org\/{rel}","templated":true}]}}