{"id":1231,"date":"2024-11-01T15:50:46","date_gmt":"2024-11-01T13:50:46","guid":{"rendered":"https:\/\/aluslovakia.gundf-testserver.de\/hlinik\/"},"modified":"2025-09-15T20:17:00","modified_gmt":"2025-09-15T18:17:00","slug":"aluminium","status":"publish","type":"page","link":"https:\/\/aluslovakia.sk\/de\/aluminium\/","title":{"rendered":"ALUMINIUM"},"content":{"rendered":"<section class=\"l-section wpb_row us_custom_c70c97eb height_auto\"><div class=\"l-section-h i-cf\"><div class=\"g-cols vc_row via_grid cols_2 laptops-cols_inherit tablets-cols_1 mobiles-cols_1 valign_middle type_default stacking_default\" style=\"--gap:4vw;\"><div class=\"wpb_column vc_column_container us_custom_04bc1869\"><div class=\"vc_column-inner\"><h1 class=\"w-text us_custom_2774bef1\"><span class=\"w-text-h\"><span class=\"w-text-value\">ALUMINIUM<\/span><\/span><\/h1><div class=\"w-separator size_medium\"><\/div><div class=\"w-btn-wrapper align_none\"><a class=\"w-btn us-btn-style_1 us_custom_510ba617 icon_atleft\" href=\"\/de\/kontakt\"><i class=\"material-icons\">task_alt<\/i><span class=\"w-btn-label\">Kontakt<\/span><\/a><\/div><\/div><\/div><div class=\"wpb_column vc_column_container\"><div class=\"vc_column-inner\"><div class=\"w-image us_custom_be776f20 style_shadow-2 has_ratio align_none\"><div class=\"w-image-h\"><div style=\"padding-bottom:100%\"><\/div><div class=\"w-image-shadow\" style=\"background-image:url(https:\/\/aluslovakia.sk\/wp-content\/uploads\/2024\/10\/aluminium_002_1200x800-1024x683.jpg);\"><\/div><img decoding=\"async\" width=\"1024\" height=\"683\" src=\"https:\/\/aluslovakia.sk\/wp-content\/uploads\/2024\/10\/aluminium_002_1200x800-1024x683.jpg\" class=\"attachment-large size-large\" alt=\"\" loading=\"lazy\" srcset=\"https:\/\/aluslovakia.sk\/wp-content\/uploads\/2024\/10\/aluminium_002_1200x800-1024x683.jpg 1024w, https:\/\/aluslovakia.sk\/wp-content\/uploads\/2024\/10\/aluminium_002_1200x800-300x200.jpg 300w, https:\/\/aluslovakia.sk\/wp-content\/uploads\/2024\/10\/aluminium_002_1200x800.jpg 1200w\" sizes=\"auto, (max-width: 1024px) 100vw, 1024px\" \/><\/div><\/div><\/div><\/div><\/div><\/div><\/section><section class=\"l-section wpb_row height_auto\"><div class=\"l-section-h i-cf\"><div class=\"g-cols vc_row via_grid cols_1 laptops-cols_inherit tablets-cols_inherit mobiles-cols_1 valign_top type_default stacking_default\"><div class=\"wpb_column vc_column_container\"><div class=\"vc_column-inner\"><div class=\"w-separator size_medium\"><\/div><\/div><\/div><\/div><\/div><\/section><section class=\"l-section wpb_row height_auto\"><div class=\"l-section-h i-cf\"><div class=\"g-cols vc_row via_grid cols_custom laptops-cols_1 tablets-cols_inherit mobiles-cols_1 valign_top type_default stacking_default\" style=\"--custom-columns:1.5fr 2.5fr 2fr \"><div class=\"wpb_column vc_column_container\"><div class=\"vc_column-inner\"><div class=\"wpb_text_column us_custom_d98eb4eb\"><div class=\"wpb_wrapper\"><h2 id=\"tw-target-text\" class=\"tw-data-text tw-text-large tw-ta\" dir=\"ltr\" data-placeholder=\"Translation\" data-ved=\"2ahUKEwjIl8TqxLuJAxWn8LsIHev6HpAQ3ewLegQIDRAU\" aria-label=\"Translated text: Kraft und Gewicht\">Kraft und Gewicht<\/h2>\n<\/div><\/div><\/div><\/div><div class=\"wpb_column vc_column_container\"><div class=\"vc_column-inner\"><div class=\"wpb_text_column us_custom_d98eb4eb\"><div class=\"wpb_wrapper\"><p data-start=\"27\" data-end=\"395\">Aluminium ist ein silberfarbenes, leichtes, korrosionsbest\u00e4ndiges und gut verarbeitbares Metall.<br data-start=\"147\" data-end=\"150\" \/>Nach Sauerstoff und Silizium ist es das dritth\u00e4ufigste Element auf der Erde.<br data-start=\"226\" data-end=\"229\" \/>Entdeckt wurde es Ende des 19. Jahrhunderts und ist heute \u2013 nach Stahl \u2013 das bedeutendste technische Metall, das in nahezu allen Industriebereichen eingesetzt wird.<\/p>\n<p data-start=\"397\" data-end=\"662\">In der Natur kommt Aluminium ausschlie\u00dflich in gebundener Form vor.<br data-start=\"464\" data-end=\"467\" \/>Die Grundlage f\u00fcr die Aluminiumherstellung ist <strong data-start=\"514\" data-end=\"524\">Bauxit<\/strong>, ein Verwitterungsprodukt aus Kalk- und Silikatgestein mit einem hohen Gehalt an <strong data-start=\"606\" data-end=\"631\">Al\u2082O\u2083 (Aluminiumoxid)<\/strong>, der h\u00e4ufig \u00fcber 50 % liegt.<\/p>\n<p data-start=\"664\" data-end=\"983\">Weltweit werden j\u00e4hrlich mehr als <strong data-start=\"698\" data-end=\"731\">25 Millionen Tonnen Aluminium<\/strong> verarbeitet \u2013 davon \u00fcber 20 Millionen Tonnen allein in der westlichen Welt.<br data-start=\"807\" data-end=\"810\" \/>Die st\u00e4ndig wachsende Nachfrage in den Industriel\u00e4ndern, besonders in Europa, \u00fcbersteigt die eigene Produktionskapazit\u00e4t \u2013 die Differenz muss durch Importe gedeckt werden.<\/p>\n<\/div><\/div><\/div><\/div><div class=\"wpb_column vc_column_container\"><div class=\"vc_column-inner\"><div class=\"wpb_text_column us_custom_d98eb4eb\"><div class=\"wpb_wrapper\"><p data-start=\"985\" data-end=\"1342\">Aluminium besitzt von Natur aus eine geringe Festigkeit.<br data-start=\"1041\" data-end=\"1044\" \/>Durch die Zugabe geeigneter <strong data-start=\"1072\" data-end=\"1094\">Legierungselemente<\/strong> l\u00e4sst sich jedoch eine deutlich h\u00f6here Festigkeit erreichen \u2013 bei gleichzeitig relativ hohen Werten f\u00fcr Dehnbarkeit und Elastizit\u00e4tsgrenze.<br data-start=\"1234\" data-end=\"1237\" \/>Bei legierten Werkstoffen wird zwischen <strong data-start=\"1277\" data-end=\"1292\">naturharten<\/strong> und <strong data-start=\"1297\" data-end=\"1325\">aush\u00e4rtbaren Legierungen<\/strong> unterschieden.<\/p>\n<p data-start=\"1344\" data-end=\"1523\" data-is-last-node=\"\" data-is-only-node=\"\">Das niedrige <strong data-start=\"1357\" data-end=\"1380\">spezifische Gewicht<\/strong> von Aluminium bietet gro\u00dfes Einsparpotenzial in allen Bereichen der Bewegung \u2013 von Transport \u00fcber Fertigung und Montage bis hin zur Wartung.<\/p>\n<\/div><\/div><\/div><\/div><\/div><\/div><\/section><section class=\"l-section wpb_row height_auto\"><div class=\"l-section-h i-cf\"><div class=\"g-cols vc_row via_grid cols_1 laptops-cols_inherit tablets-cols_inherit mobiles-cols_1 valign_top type_default stacking_default\"><div class=\"wpb_column vc_column_container\"><div class=\"vc_column-inner\"><div class=\"w-separator size_medium\"><\/div><div class=\"w-grid type_grid layout_portfolio_2 cols_3 ratio_1x1\" id=\"us_grid_1\" style=\"--gap:1.5rem;\"><style>@media (max-width:1024px){#us_grid_1 .w-grid-item{width:50%}#us_grid_1 .w-grid-item.size_2x1,#us_grid_1 .w-grid-item.size_2x2{width:100%}}@media (max-width:600px){#us_grid_1 .w-grid-list{margin:0}#us_grid_1 .w-grid-item{width:100%;padding:0;margin-bottom:var(--gap,0px)}}.layout_portfolio_2 .w-grid-item-h:before{padding-bottom:100%}@media (min-width:601px){.layout_portfolio_2 .w-grid-item.size_1x2 .w-grid-item-h:before{padding-bottom:calc(200% + var(--gap,0px) * 2)}.layout_portfolio_2 .w-grid-item.size_2x1 .w-grid-item-h:before{padding-bottom:calc(50% - var(--gap,0px) * 1)}.layout_portfolio_2 .w-grid-item.size_2x2 .w-grid-item-h:before{padding-bottom:calc(100% - var(--gap,0px) * 0)}}.layout_portfolio_2 .w-grid-item-h{background:#333}.layout_portfolio_2 .usg_post_image_1{transition-duration:0.35s;transform-origin:50% 50%;transform:scale(1) translate(0%,0%)}.layout_portfolio_2 .w-grid-item-h:hover .usg_post_image_1{transform:scale(1.1) translate(0%,0%);opacity:0.1}.layout_portfolio_2 .usg_post_image_1{position:absolute!important;top:0!important;right:0!important;bottom:0!important;left:0!important}.layout_portfolio_2 .usg_vwrapper_1{position:absolute!important;right:0!important;bottom:0!important;left:0!important;background:linear-gradient(transparent,rgba(30,30,30,0.8))!important;padding:4rem 2rem 1.5rem 2rem!important}.layout_portfolio_2 .usg_post_title_1{color:#fff!important;font-size:1.2rem!important}.layout_portfolio_2 .usg_post_taxonomy_1{color:#fff!important;font-size:0.9rem!important}<\/style><div class=\"w-grid-list\">\t<article class=\"w-grid-item size_1x1 post-1236 page type-page status-publish has-post-thumbnail hentry\" data-id=\"1236\">\r\n\t\t<div class=\"w-grid-item-h\" style=\"background:#44464a;\">\r\n\t\t\t\t\t\t<div class=\"w-post-elm post_image usg_post_image_1 stretched\"><img loading=\"lazy\" decoding=\"async\" width=\"1024\" height=\"682\" src=\"https:\/\/aluslovakia.sk\/wp-content\/uploads\/2024\/10\/handelsware_001_1200x800-1024x682.jpg\" class=\"attachment-large size-large wp-post-image\" alt=\"\" srcset=\"https:\/\/aluslovakia.sk\/wp-content\/uploads\/2024\/10\/handelsware_001_1200x800-1024x682.jpg 1024w, https:\/\/aluslovakia.sk\/wp-content\/uploads\/2024\/10\/handelsware_001_1200x800-300x200.jpg 300w, https:\/\/aluslovakia.sk\/wp-content\/uploads\/2024\/10\/handelsware_001_1200x800.jpg 1200w\" sizes=\"auto, (max-width: 1024px) 100vw, 1024px\" \/><\/div><div class=\"w-vwrapper usg_vwrapper_1 align_none valign_top\"><h2 class=\"w-post-elm post_title usg_post_title_1 has_text_color entry-title color_link_inherit\">ZEICHNUNGS- UND STANDARDPROFILE<\/h2><\/div>\t\t<\/div>\r\n\t\t\t<\/article>\r\n<\/div><div class=\"w-grid-preloader\">\t<div class=\"g-preloader type_1\">\r\n\t\t<div><\/div>\r\n\t<\/div>\r\n\t<\/div>\t<div class=\"w-grid-json hidden\" onclick='return {&quot;action&quot;:&quot;us_ajax_grid&quot;,&quot;infinite_scroll&quot;:0,&quot;max_num_pages&quot;:1,&quot;pagination&quot;:&quot;none&quot;,&quot;template_vars&quot;:{&quot;columns&quot;:&quot;3&quot;,&quot;exclude_items&quot;:&quot;none&quot;,&quot;img_size&quot;:&quot;default&quot;,&quot;ignore_items_size&quot;:0,&quot;items_layout&quot;:&quot;portfolio_2&quot;,&quot;items_offset&quot;:&quot;1&quot;,&quot;load_animation&quot;:&quot;none&quot;,&quot;overriding_link&quot;:&quot;{\\&quot;url\\&quot;:\\&quot;\\&quot;}&quot;,&quot;post_id&quot;:0,&quot;query_args&quot;:{&quot;ignore_sticky_posts&quot;:1,&quot;post_type&quot;:&quot;any&quot;,&quot;post__in&quot;:[&quot;794&quot;,&quot;796&quot;,&quot;798&quot;],&quot;posts_per_page&quot;:&quot;10&quot;},&quot;orderby_query_args&quot;:{&quot;orderby&quot;:{&quot;date&quot;:&quot;DESC&quot;}},&quot;type&quot;:&quot;grid&quot;,&quot;us_grid_post_type&quot;:&quot;ids&quot;,&quot;us_grid_ajax_index&quot;:1,&quot;us_grid_filter_query_string&quot;:null,&quot;us_grid_index&quot;:1,&quot;page_args&quot;:[],&quot;lang&quot;:&quot;de&quot;}}'><\/div>\r\n\t<\/div><\/div><\/div><\/div><\/div><\/section>\n","protected":false},"excerpt":{"rendered":"ZEICHNUNGS- UND STANDARDPROFILE \u2013 FLEXIBLE L\u00d6SUNGEN MIT ALU SLOVAKIAALU SLOVAKIA bietet Ihnen umfassende L\u00f6sungen im Bereich zeichnungsgebundener und standardisierter Aluminiumprofile.Dank eines starken Netzwerks an Partnerpresswerken stellen wir sicher, dass Ihre individuellen Anforderungen pr\u00e4zise und termingerecht erf\u00fcllt werden. KontaktZEICHNUNGSPROFILE NACH MASS Unsere gepr\u00fcften Partner fertigen Aluminiumprofile exakt nach Ihren Zeichnungen und Spezifikationen \u2013 auf Pressen mit...","protected":false},"author":1,"featured_media":1200,"parent":0,"menu_order":0,"comment_status":"closed","ping_status":"closed","template":"","meta":{"footnotes":""},"class_list":["post-1231","page","type-page","status-publish","has-post-thumbnail","hentry"],"_links":{"self":[{"href":"https:\/\/aluslovakia.sk\/de\/wp-json\/wp\/v2\/pages\/1231","targetHints":{"allow":["GET"]}}],"collection":[{"href":"https:\/\/aluslovakia.sk\/de\/wp-json\/wp\/v2\/pages"}],"about":[{"href":"https:\/\/aluslovakia.sk\/de\/wp-json\/wp\/v2\/types\/page"}],"author":[{"embeddable":true,"href":"https:\/\/aluslovakia.sk\/de\/wp-json\/wp\/v2\/users\/1"}],"replies":[{"embeddable":true,"href":"https:\/\/aluslovakia.sk\/de\/wp-json\/wp\/v2\/comments?post=1231"}],"version-history":[{"count":5,"href":"https:\/\/aluslovakia.sk\/de\/wp-json\/wp\/v2\/pages\/1231\/revisions"}],"predecessor-version":[{"id":1759,"href":"https:\/\/aluslovakia.sk\/de\/wp-json\/wp\/v2\/pages\/1231\/revisions\/1759"}],"wp:featuredmedia":[{"embeddable":true,"href":"https:\/\/aluslovakia.sk\/de\/wp-json\/wp\/v2\/media\/1200"}],"wp:attachment":[{"href":"https:\/\/aluslovakia.sk\/de\/wp-json\/wp\/v2\/media?parent=1231"}],"curies":[{"name":"wp","href":"https:\/\/api.w.org\/{rel}","templated":true}]}}