{"id":1228,"date":"2024-11-02T11:36:59","date_gmt":"2024-11-02T09:36:59","guid":{"rendered":"https:\/\/aluslovakia.gundf-testserver.de\/fertigung\/"},"modified":"2025-09-15T20:18:34","modified_gmt":"2025-09-15T18:18:34","slug":"fertigung","status":"publish","type":"page","link":"https:\/\/aluslovakia.sk\/de\/fertigung\/","title":{"rendered":"FERTIGUNG"},"content":{"rendered":"<section class=\"l-section wpb_row height_auto\"><div class=\"l-section-h i-cf\"><div class=\"g-cols vc_row via_grid cols_1 laptops-cols_inherit tablets-cols_inherit mobiles-cols_1 valign_top type_default stacking_default\"><div class=\"wpb_column vc_column_container\"><div class=\"vc_column-inner\"><div class=\"w-separator size_huge\"><\/div><\/div><\/div><\/div><\/div><\/section><section class=\"l-section wpb_row us_custom_c70c97eb height_auto\"><div class=\"l-section-h i-cf\"><div class=\"g-cols vc_row via_grid cols_2 laptops-cols_inherit tablets-cols_1 mobiles-cols_1 valign_middle type_default stacking_default\" style=\"--gap:4vw;\"><div class=\"wpb_column vc_column_container us_custom_04bc1869\"><div class=\"vc_column-inner\"><h1 class=\"w-text us_custom_2774bef1\"><span class=\"w-text-h\"><span class=\"w-text-value\">Fertigung<\/span><\/span><\/h1><div class=\"w-separator size_medium\"><\/div><div class=\"w-btn-wrapper align_none\"><a class=\"w-btn us-btn-style_1 us_custom_510ba617 icon_atleft\" href=\"\/de\/kontakt\"><i class=\"material-icons\">task_alt<\/i><span class=\"w-btn-label\">Kontakt<\/span><\/a><\/div><\/div><\/div><div class=\"wpb_column vc_column_container\"><div class=\"vc_column-inner\"><div class=\"w-image us_custom_1da521f8 style_shadow-2 has_ratio align_none\"><div class=\"w-image-h\"><div style=\"padding-bottom:66.6667%\"><\/div><div class=\"w-image-shadow\" style=\"background-image:url(https:\/\/aluslovakia.sk\/wp-content\/uploads\/2024\/11\/fertigung_001_1200x800-400x267-1.jpg);\"><\/div><img decoding=\"async\" width=\"400\" height=\"267\" src=\"https:\/\/aluslovakia.sk\/wp-content\/uploads\/2024\/11\/fertigung_001_1200x800-400x267-1.jpg\" class=\"attachment-large size-large\" alt=\"\" loading=\"lazy\" srcset=\"https:\/\/aluslovakia.sk\/wp-content\/uploads\/2024\/11\/fertigung_001_1200x800-400x267-1.jpg 400w, https:\/\/aluslovakia.sk\/wp-content\/uploads\/2024\/11\/fertigung_001_1200x800-400x267-1-300x200.jpg 300w\" sizes=\"auto, (max-width: 400px) 100vw, 400px\" \/><\/div><\/div><\/div><\/div><\/div><\/div><\/section><section class=\"l-section wpb_row height_auto\"><div class=\"l-section-h i-cf\"><div class=\"g-cols vc_row via_grid cols_1 laptops-cols_inherit tablets-cols_inherit mobiles-cols_1 valign_top type_default stacking_default\"><div class=\"wpb_column vc_column_container\"><div class=\"vc_column-inner\"><div class=\"w-separator size_huge\"><\/div><\/div><\/div><\/div><\/div><\/section><section class=\"l-section wpb_row height_auto\"><div class=\"l-section-h i-cf\"><div class=\"g-cols vc_row via_grid cols_1 laptops-cols_inherit tablets-cols_inherit mobiles-cols_1 valign_top type_default stacking_default\"><div class=\"wpb_column vc_column_container us_custom_003a6b41\"><div class=\"vc_column-inner\"><div class=\"g-cols wpb_row via_grid cols_2-3 laptops-cols_inherit tablets-cols_1 mobiles-cols_1 valign_top type_default stacking_default\" style=\"--gap:3rem;\"><div class=\"wpb_column vc_column_container\"><div class=\"vc_column-inner\"><h4 class=\"w-text\"><span class=\"w-text-h\"><span class=\"w-text-value\">Internationale Vorteile f\u00fcr Kunden von ALU SLOVAKIA<\/span><\/span><\/h4><\/div><\/div><div class=\"wpb_column vc_column_container\"><div class=\"vc_column-inner\"><div class=\"wpb_text_column\"><div class=\"wpb_wrapper\"><p data-start=\"0\" data-end=\"243\">Bei hoher Fertigungstiefe und gleichzeitig steigendem Anteil manueller T\u00e4tigkeiten bietet die internationale Ausrichtung von <strong data-start=\"183\" data-end=\"199\">ALU SLOVAKIA<\/strong> entscheidende Vorteile f\u00fcr unsere Kunden.<\/p>\n<p data-start=\"245\" data-end=\"400\"><strong data-start=\"245\" data-end=\"261\">ALU SLOVAKIA<\/strong> \u00fcbernimmt die komplette Beschaffung, die Koordination mit Lieferanten sowie die Teilefertigung \u2013 bis hin zu komplexen Montagebaugruppen.<\/p>\n<p data-start=\"402\" data-end=\"476\">Auch Lohnfertigung mit vom Kunden beigestellten Profilen ist willkommen.<\/p>\n<\/div><\/div><\/div><\/div><\/div><\/div><\/div><\/div><\/div><\/section><section class=\"l-section wpb_row height_auto\"><div class=\"l-section-h i-cf\"><div class=\"g-cols vc_row via_grid cols_1 laptops-cols_inherit tablets-cols_inherit mobiles-cols_1 valign_top type_default stacking_default\"><div class=\"wpb_column vc_column_container\"><div class=\"vc_column-inner\"><div class=\"w-separator size_medium\"><\/div><\/div><\/div><\/div><\/div><\/section><section class=\"l-section wpb_row height_auto\"><div class=\"l-section-h i-cf\"><div class=\"g-cols vc_row via_grid cols_1 laptops-cols_inherit tablets-cols_inherit mobiles-cols_1 valign_top type_default stacking_default\"><div class=\"wpb_column vc_column_container\"><div class=\"vc_column-inner\"><\/div><\/div><\/div><\/div><\/section><section class=\"l-section wpb_row height_auto width_custom\" style=\"--site-content-width:600px;\"><div class=\"l-section-h i-cf\"><div class=\"g-cols vc_row via_grid cols_1 laptops-cols_inherit tablets-cols_inherit mobiles-cols_1 valign_top type_default stacking_default\"><div class=\"wpb_column vc_column_container\"><div class=\"vc_column-inner\"><div class=\"w-separator us_custom_dcd4f45f size_small with_line width_default thick_5 style_solid color_primary align_center\"><div class=\"w-separator-h\"><\/div><\/div><div class=\"wpb_text_column us_custom_ec183ebe has_text_color\"><div class=\"wpb_wrapper\"><p>ALU SLOVAKIA: Spezialist f\u00fcr Aluminiumverarbeitung und die Fertigung von Montagebaugruppen<\/p>\n<\/div><\/div><\/div><\/div><\/div><\/div><\/section><section class=\"l-section wpb_row height_auto\"><div class=\"l-section-h i-cf\"><div class=\"g-cols vc_row via_grid cols_1 laptops-cols_inherit tablets-cols_inherit mobiles-cols_1 valign_top type_default stacking_default\"><div class=\"wpb_column vc_column_container\"><div class=\"vc_column-inner\"><div class=\"w-hwrapper valign_top align_center\"><div class=\"w-separator size_medium\"><\/div><\/div><\/div><\/div><\/div><\/div><\/section><section class=\"l-section wpb_row height_auto\"><div class=\"l-section-h i-cf\"><div class=\"g-cols vc_row via_grid cols_1-4-1 laptops-cols_inherit tablets-cols_inherit mobiles-cols_1 valign_top type_default stacking_default\"><div class=\"wpb_column vc_column_container\"><div class=\"vc_column-inner\"><\/div><\/div><div class=\"wpb_column vc_column_container\"><div class=\"vc_column-inner\"><div class=\"w-grid-none type_message\">Es wurden keine Ergebnisse gefunden.<\/div><\/div><\/div><div class=\"wpb_column vc_column_container\"><div class=\"vc_column-inner\"><\/div><\/div><\/div><\/div><\/section>\n","protected":false},"excerpt":{"rendered":"Fertigungtask_altKontaktInternationale Vorteile f\u00fcr Kunden von ALU SLOVAKIABei hoher Fertigungstiefe und gleichzeitig steigendem Anteil manueller T\u00e4tigkeiten bietet die internationale Ausrichtung von ALU SLOVAKIA entscheidende Vorteile f\u00fcr unsere Kunden. ALU SLOVAKIA \u00fcbernimmt die komplette Beschaffung, die Koordination mit Lieferanten sowie die Teilefertigung \u2013 bis hin zu komplexen Montagebaugruppen. Auch Lohnfertigung mit vom Kunden beigestellten Profilen ist willkommen....","protected":false},"author":1,"featured_media":0,"parent":0,"menu_order":0,"comment_status":"closed","ping_status":"closed","template":"","meta":{"footnotes":""},"class_list":["post-1228","page","type-page","status-publish","hentry"],"_links":{"self":[{"href":"https:\/\/aluslovakia.sk\/de\/wp-json\/wp\/v2\/pages\/1228","targetHints":{"allow":["GET"]}}],"collection":[{"href":"https:\/\/aluslovakia.sk\/de\/wp-json\/wp\/v2\/pages"}],"about":[{"href":"https:\/\/aluslovakia.sk\/de\/wp-json\/wp\/v2\/types\/page"}],"author":[{"embeddable":true,"href":"https:\/\/aluslovakia.sk\/de\/wp-json\/wp\/v2\/users\/1"}],"replies":[{"embeddable":true,"href":"https:\/\/aluslovakia.sk\/de\/wp-json\/wp\/v2\/comments?post=1228"}],"version-history":[{"count":5,"href":"https:\/\/aluslovakia.sk\/de\/wp-json\/wp\/v2\/pages\/1228\/revisions"}],"predecessor-version":[{"id":1784,"href":"https:\/\/aluslovakia.sk\/de\/wp-json\/wp\/v2\/pages\/1228\/revisions\/1784"}],"wp:attachment":[{"href":"https:\/\/aluslovakia.sk\/de\/wp-json\/wp\/v2\/media?parent=1228"}],"curies":[{"name":"wp","href":"https:\/\/api.w.org\/{rel}","templated":true}]}}