{"id":1218,"date":"2024-11-02T11:28:34","date_gmt":"2024-11-02T09:28:34","guid":{"rendered":"https:\/\/aluslovakia.gundf-testserver.de\/baugruppenfertigung\/"},"modified":"2025-09-15T20:18:55","modified_gmt":"2025-09-15T18:18:55","slug":"baugruppenfertigung","status":"publish","type":"page","link":"https:\/\/aluslovakia.sk\/de\/fertigung\/baugruppenfertigung\/","title":{"rendered":"BAUGRUPPENFERTIGUNG"},"content":{"rendered":"<section class=\"l-section wpb_row height_auto with_img parallax_ver with_shape\"><div class=\"l-section-img\" role=\"img\" data-img-width=\"1920\" data-img-height=\"1080\" style=\"background-image: url(https:\/\/aluslovakia.sk\/wp-content\/uploads\/2025\/01\/Baugruppen_Fertigung.jpg);background-repeat: no-repeat;\"><\/div><div class=\"l-section-overlay\" style=\"background:rgba(255,255,255,0.50)\"><\/div><div class=\"l-section-shape type_custom pos_bottom hor_flip\" style=\"height:14vh;\"><svg xmlns=\"http:\/\/www.w3.org\/2000\/svg\" viewBox=\"0 0 64 8\" preserveAspectRatio=\"none\" width=\"100%\" height=\"100%\">\r\n\t<path fill=\"currentColor\" d=\"M64 8 L0 8 L0 0 L64 0 Z\"\/>\r\n<\/svg><\/div><div class=\"l-section-h i-cf\"><div class=\"g-cols vc_row via_grid cols_1 laptops-cols_inherit tablets-cols_inherit mobiles-cols_1 valign_middle type_default stacking_default\"><div class=\"wpb_column vc_column_container\"><div class=\"vc_column-inner\"><div class=\"w-separator size_custom\" style=\"height:35vh\"><\/div><div class=\"w-actionbox us_custom_dd5689d2 color_primary controls_right\"><div class=\"w-actionbox-text\"><h1 class=\"w-actionbox-title\">BAUGRUPPENFERTIGUNG \u2013 FLEXIBILIT\u00c4T UND PR\u00c4ZISION VON ALU SLOVAKIA<\/h1><div class=\"w-actionbox-description\"><p>Dank h\u00f6chster Fertigungsqualit\u00e4t und jahrzehntelanger Erfahrung hat sich <strong data-start=\"159\" data-end=\"175\">ALU SLOVAKIA<\/strong> als verl\u00e4sslicher Partner in der Herstellung von Montagebaugruppen etabliert.<br data-start=\"253\" data-end=\"256\" \/>Mit pr\u00e4zisen Prozessen, moderner Technik und einem qualifizierten Team realisieren wir komplexe Baugruppen f\u00fcr unterschiedlichste Industriebereiche.<\/p>\n<\/div><\/div><div class=\"w-actionbox-controls\"><a class=\"w-btn us-btn-style_1\" href=\"\/de\/kontakt\" style=\"font-size:1.2rem;\"><span class=\"w-btn-label\">Kontakt<\/span><\/a><\/div><\/div><div class=\"w-separator size_large\"><\/div><\/div><\/div><\/div><\/div><\/section><section class=\"l-section wpb_row height_auto\" id=\"about\"><div class=\"l-section-h i-cf\"><div class=\"g-cols vc_row via_grid cols_1-2 laptops-cols_inherit tablets-cols_1 mobiles-cols_1 valign_top type_default stacking_default\" style=\"--gap:8vh;\"><div class=\"wpb_column vc_column_container us_custom_bb609908 has_bg_color\"><div class=\"vc_column-inner\"><\/div><\/div><div class=\"wpb_column vc_column_container\"><div class=\"vc_column-inner\"><div class=\"wpb_text_column us_custom_b0a22c03\"><div class=\"wpb_wrapper\"><h4>UNSER ANSATZ \u2013 QUALIT\u00c4T UND KOSTENEFFIZIENZ<\/h4>\n<p>Unsere gut eingespielten Teams fertigen Baugruppen in den beiden eigenen slowakischen Fertigungswerken. An individuell gestalteten Arbeitspl\u00e4tzen stellen qualifizierte und motivierte Mitarbeiter sicher, dass jede Baugruppe h\u00f6chsten Anforderungen entspricht.<\/p>\n<p>Durch einen <strong>kontrollierten Qualit\u00e4tsregelkreis<\/strong>, geplante Pr\u00fcfungen und Ma\u00dfnahmen zur Fehlervermeidung garantieren wir:<\/p>\n<ul>\n<li><strong>H\u00f6chste Produktqualit\u00e4t<\/strong> f\u00fcr maximale Kundenzufriedenheit.<\/li>\n<li><strong>Minimierte Produktgesamtkosten<\/strong>, um Ihre Wettbewerbsf\u00e4higkeit zu steigern.<\/li>\n<\/ul>\n<h4>REFERENZEN \u2013 UNSERE ERFOLGREICHEN PROJEKTE<\/h4>\n<p>Wir arbeiten mit renommierten Unternehmen zusammen und setzen Projekte erfolgreich um:<\/p>\n<ul>\n<li>Komplette, endverpackte S\u00e4getische f\u00fcr <strong>Metabo.<\/strong><\/li>\n<li>Gep\u00e4ck-Verzurrschienen f\u00fcr die Modelle <strong>BMW X3, X5 und X6.<\/strong><\/li>\n<li>Schiebeschlitten f\u00fcr <strong>Scheppach.<\/strong><\/li>\n<li>Vormontierte K\u00fchler mit hohen Oberfl\u00e4chenanspr\u00fcchen f\u00fcr <strong>Daikin.<\/strong><\/li>\n<li>Vielzahl vormontierter Baugruppen f\u00fcr <strong>Sch\u00fcco, Roto-Frank<\/strong> und andere f\u00fchrende Hersteller.<\/li>\n<\/ul>\n<h4>WARUM ALU SLOVAKIA?<\/h4>\n<ul>\n<li><strong>Erfahrung:<\/strong> Jahrzehntelange Expertise in der Fertigung komplexer Baugruppen.<\/li>\n<li><strong>Flexibilit\u00e4t:<\/strong> Individuell gestaltete Arbeitspl\u00e4tze f\u00fcr ma\u00dfgeschneiderte L\u00f6sungen.<\/li>\n<li><strong>Qualit\u00e4tssicherung:<\/strong> Kontrollierte Prozesse und umfassende Pr\u00fcfma\u00dfnahmen.<\/li>\n<li><strong>Kosteneffizienz:<\/strong> Optimierte Prozesse zur Minimierung der Gesamtkosten.<\/li>\n<\/ul>\n<p data-start=\"1890\" data-end=\"2028\"><strong data-start=\"1890\" data-end=\"1931\">Entscheiden Sie sich f\u00fcr ALU SLOVAKIA<\/strong> \u2013 Ihren Partner f\u00fcr die Herstellung von Montagebaugruppen, der Qualit\u00e4t und Effizienz vereint.<\/p>\n<p data-start=\"2030\" data-end=\"2092\" data-is-last-node=\"\" data-is-only-node=\"\">Lassen Sie uns Ihre Projekte gemeinsam erfolgreich umsetzen!<\/p>\n<\/div><\/div><\/div><\/div><\/div><\/div><\/section>\n","protected":false},"excerpt":{"rendered":"BAUGRUPPENFERTIGUNG \u2013 FLEXIBILIT\u00c4T UND PR\u00c4ZISION VON ALU SLOVAKIADank h\u00f6chster Fertigungsqualit\u00e4t und jahrzehntelanger Erfahrung hat sich ALU SLOVAKIA als verl\u00e4sslicher Partner in der Herstellung von Montagebaugruppen etabliert.Mit pr\u00e4zisen Prozessen, moderner Technik und einem qualifizierten Team realisieren wir komplexe Baugruppen f\u00fcr unterschiedlichste Industriebereiche. KontaktUNSER ANSATZ \u2013 QUALIT\u00c4T UND KOSTENEFFIZIENZ Unsere gut eingespielten Teams fertigen Baugruppen in den...","protected":false},"author":1,"featured_media":0,"parent":1228,"menu_order":0,"comment_status":"closed","ping_status":"closed","template":"","meta":{"footnotes":""},"class_list":["post-1218","page","type-page","status-publish","hentry"],"_links":{"self":[{"href":"https:\/\/aluslovakia.sk\/de\/wp-json\/wp\/v2\/pages\/1218","targetHints":{"allow":["GET"]}}],"collection":[{"href":"https:\/\/aluslovakia.sk\/de\/wp-json\/wp\/v2\/pages"}],"about":[{"href":"https:\/\/aluslovakia.sk\/de\/wp-json\/wp\/v2\/types\/page"}],"author":[{"embeddable":true,"href":"https:\/\/aluslovakia.sk\/de\/wp-json\/wp\/v2\/users\/1"}],"replies":[{"embeddable":true,"href":"https:\/\/aluslovakia.sk\/de\/wp-json\/wp\/v2\/comments?post=1218"}],"version-history":[{"count":6,"href":"https:\/\/aluslovakia.sk\/de\/wp-json\/wp\/v2\/pages\/1218\/revisions"}],"predecessor-version":[{"id":1789,"href":"https:\/\/aluslovakia.sk\/de\/wp-json\/wp\/v2\/pages\/1218\/revisions\/1789"}],"up":[{"embeddable":true,"href":"https:\/\/aluslovakia.sk\/de\/wp-json\/wp\/v2\/pages\/1228"}],"wp:attachment":[{"href":"https:\/\/aluslovakia.sk\/de\/wp-json\/wp\/v2\/media?parent=1218"}],"curies":[{"name":"wp","href":"https:\/\/api.w.org\/{rel}","templated":true}]}}