{"id":1188,"date":"2024-11-02T11:32:14","date_gmt":"2024-11-02T09:32:14","guid":{"rendered":"https:\/\/aluslovakia.gundf-testserver.de\/aluminiumbearbeitung\/"},"modified":"2025-09-15T20:18:45","modified_gmt":"2025-09-15T18:18:45","slug":"aluminiumbearbeitung","status":"publish","type":"page","link":"https:\/\/aluslovakia.sk\/de\/fertigung\/aluminiumbearbeitung\/","title":{"rendered":"ALUMINIUMBEARBEITUNG"},"content":{"rendered":"<section class=\"l-section wpb_row height_auto with_img parallax_ver with_shape\"><div class=\"l-section-img\" role=\"img\" data-img-width=\"2540\" data-img-height=\"1694\" style=\"background-image: url(https:\/\/aluslovakia.sk\/wp-content\/uploads\/2024\/12\/Aluminiumbearbeitung_Hewal_Multiaxe.jpg);background-position: top center;background-repeat: no-repeat;\"><\/div><div class=\"l-section-overlay\" style=\"background:rgba(255,255,255,0.50)\"><\/div><div class=\"l-section-shape type_custom pos_bottom hor_flip\" style=\"height:14vh;\"><svg xmlns=\"http:\/\/www.w3.org\/2000\/svg\" viewBox=\"0 0 64 8\" preserveAspectRatio=\"none\" width=\"100%\" height=\"100%\">\r\n\t<path fill=\"currentColor\" d=\"M64 8 L0 8 L0 0 L64 0 Z\"\/>\r\n<\/svg><\/div><div class=\"l-section-h i-cf\"><div class=\"g-cols vc_row via_grid cols_1 laptops-cols_inherit tablets-cols_inherit mobiles-cols_1 valign_middle type_default stacking_default\"><div class=\"wpb_column vc_column_container\"><div class=\"vc_column-inner\"><div class=\"w-separator size_custom\" style=\"height:35vh\"><\/div><div class=\"w-actionbox us_custom_dd5689d2 color_primary controls_right\"><div class=\"w-actionbox-text\"><h1 class=\"w-actionbox-title\">ALUMINIUMBEARBEITUNG \u2013 PR\u00c4ZISION UND VIELFALT VON ALU SLOVAKIA<\/h1><div class=\"w-actionbox-description\"><p>Mit mehreren Jahrzehnten Erfahrung bietet <strong>ALU SLOVAKIA\u00a0<\/strong>ein breites Spektrum an Fertigungsverfahren f\u00fcr die Bearbeitung von Aluminiumstrangpressprofilen. Ob mechanische Bearbeitung, CNC-Technik oder Sonderanfertigungen \u2013 wir liefern ma\u00dfgeschneiderte L\u00f6sungen f\u00fcr nahezu jeden Anwendungsfall.<\/p>\n<\/div><\/div><div class=\"w-actionbox-controls\"><a class=\"w-btn us-btn-style_1\" href=\"\/de\/kontakt\" style=\"font-size:1.2rem;\"><span class=\"w-btn-label\">Kontakt<\/span><\/a><\/div><\/div><div class=\"w-separator size_large\"><\/div><\/div><\/div><\/div><\/div><\/section><section class=\"l-section wpb_row height_auto\" id=\"about\"><div class=\"l-section-h i-cf\"><div class=\"g-cols vc_row via_grid cols_1-2 laptops-cols_inherit tablets-cols_1 mobiles-cols_1 valign_top type_default stacking_default\" style=\"--gap:8vh;\"><div class=\"wpb_column vc_column_container us_custom_df2d7c59 has_bg_color\"><div class=\"vc_column-inner\"><\/div><\/div><div class=\"wpb_column vc_column_container\"><div class=\"vc_column-inner\"><div class=\"wpb_text_column us_custom_b0a22c03\"><div class=\"wpb_wrapper\"><h2>UNSERE LEISTUNGEN IM \u00dcBERBLICK<\/h2>\n<ul>\n<li><strong>Mechanische Bearbeitung von Aluminiumprofilen:<\/strong> Pr\u00e4zises S\u00e4gen, Bohren, Stanzen und Fr\u00e4sen f\u00fcr individuelle Anforderungen.<\/li>\n<li><strong>Komplexe CNC-Bearbeitung:<\/strong> Mit modernster Technik bearbeiten wir Aluminiumprofile bis zu einer Teilel\u00e4nge von 16 Metern \u2013 ideal f\u00fcr gro\u00dfe und komplexe Bauteile.<\/li>\n<li><strong>Serienfertigung in kleinen und gro\u00dfen St\u00fcckzahlen:<\/strong> Flexibel und effizient f\u00fcr alle Anforderungen.<\/li>\n<\/ul>\n<h2>ZUS\u00c4TZLICHE SERVICE- UND ZUSATZLEISTUNGEN<\/h2>\n<p><strong data-start=\"909\" data-end=\"925\">ALU SLOVAKIA<\/strong> erg\u00e4nzt die Aluminiumbearbeitung mit umfangreichen Serviceleistungen, um Ihre Projekte noch effizienter zu gestalten:<\/p>\n<ul>\n<li><strong>Pr\u00e4zisionss\u00e4gen<\/strong> und <strong>Stanztechnik<\/strong> f\u00fcr exakte Ergebnisse.<\/li>\n<li><strong>Aluminiumschwei\u00dfen, B\u00fcrsten<\/strong> und <strong>Vibrationsgleitschleifen<\/strong> f\u00fcr eine perfekte Oberfl\u00e4che.<\/li>\n<li><strong>Sonderverpackung, Kommissionierung und Konfektionierung<\/strong> nach Ihren Vorgaben.<\/li>\n<li><strong>Bevorratung und Konsignationslager<\/strong> f\u00fcr maximale Flexibilit\u00e4t in der Lieferkette.<\/li>\n<\/ul>\n<p>Mit einem eigenen Fuhrpark gew\u00e4hrleisten wir eine zuverl\u00e4ssige und flexible Belieferung Ihrer Ware \u2013 termingerecht und unkompliziert.<\/p>\n<h2>WARUM <strong data-start=\"909\" data-end=\"925\">ALU SLOVAKIA<\/strong> F\u00dcR ALUMINIUMBEARBEITUNG?<\/h2>\n<ul>\n<li><strong>Technologief\u00fchrer:<\/strong> Wir setzen auf modernste Anlagen und innovative Verfahren.<\/li>\n<li><strong>Flexibilit\u00e4t:<\/strong> Vom Prototyp bis zur Serienfertigung \u2013 wir bieten L\u00f6sungen f\u00fcr jede Anforderung.<\/li>\n<li><strong>Erfahrung und Pr\u00e4zision:<\/strong> Unsere Fachkr\u00e4fte bringen jahrzehntelanges Know-how in jedes Projekt ein.<\/li>\n<li><strong>Kundenzentrierung:<\/strong> Individuelle L\u00f6sungen, die perfekt auf Ihre Anforderungen abgestimmt sind.<\/li>\n<\/ul>\n<p>Verwandeln wir Ihre Vision in Realit\u00e4t. <strong>Kontaktieren Sie uns<\/strong> noch heute und profitieren Sie von unserem umfassenden Fachwissen in der Aluminiumbearbeitung.<\/p>\n<p>Wir freuen uns darauf, Ihnen ein individuelles Angebot zu erstellen!<\/p>\n<\/div><\/div><\/div><\/div><\/div><\/div><\/section>\n","protected":false},"excerpt":{"rendered":"ALUMINIUMBEARBEITUNG \u2013 PR\u00c4ZISION UND VIELFALT VON ALU SLOVAKIAMit mehreren Jahrzehnten Erfahrung bietet ALU SLOVAKIA\u00a0ein breites Spektrum an Fertigungsverfahren f\u00fcr die Bearbeitung von Aluminiumstrangpressprofilen. Ob mechanische Bearbeitung, CNC-Technik oder Sonderanfertigungen \u2013 wir liefern ma\u00dfgeschneiderte L\u00f6sungen f\u00fcr nahezu jeden Anwendungsfall. KontaktUNSERE LEISTUNGEN IM \u00dcBERBLICK Mechanische Bearbeitung von Aluminiumprofilen: Pr\u00e4zises S\u00e4gen, Bohren, Stanzen und Fr\u00e4sen f\u00fcr individuelle Anforderungen....","protected":false},"author":1,"featured_media":1186,"parent":1228,"menu_order":0,"comment_status":"closed","ping_status":"closed","template":"","meta":{"footnotes":""},"class_list":["post-1188","page","type-page","status-publish","has-post-thumbnail","hentry"],"_links":{"self":[{"href":"https:\/\/aluslovakia.sk\/de\/wp-json\/wp\/v2\/pages\/1188","targetHints":{"allow":["GET"]}}],"collection":[{"href":"https:\/\/aluslovakia.sk\/de\/wp-json\/wp\/v2\/pages"}],"about":[{"href":"https:\/\/aluslovakia.sk\/de\/wp-json\/wp\/v2\/types\/page"}],"author":[{"embeddable":true,"href":"https:\/\/aluslovakia.sk\/de\/wp-json\/wp\/v2\/users\/1"}],"replies":[{"embeddable":true,"href":"https:\/\/aluslovakia.sk\/de\/wp-json\/wp\/v2\/comments?post=1188"}],"version-history":[{"count":5,"href":"https:\/\/aluslovakia.sk\/de\/wp-json\/wp\/v2\/pages\/1188\/revisions"}],"predecessor-version":[{"id":1767,"href":"https:\/\/aluslovakia.sk\/de\/wp-json\/wp\/v2\/pages\/1188\/revisions\/1767"}],"up":[{"embeddable":true,"href":"https:\/\/aluslovakia.sk\/de\/wp-json\/wp\/v2\/pages\/1228"}],"wp:featuredmedia":[{"embeddable":true,"href":"https:\/\/aluslovakia.sk\/de\/wp-json\/wp\/v2\/media\/1186"}],"wp:attachment":[{"href":"https:\/\/aluslovakia.sk\/de\/wp-json\/wp\/v2\/media?parent=1188"}],"curies":[{"name":"wp","href":"https:\/\/api.w.org\/{rel}","templated":true}]}}